{"id":608,"date":"2022-04-01T16:29:46","date_gmt":"2022-04-01T14:29:46","guid":{"rendered":"https:\/\/getraenke-rieden.de\/wp571\/produkt\/gerolsteiner-gourmet-spritzig-24x025-ltr\/"},"modified":"2022-04-18T19:37:54","modified_gmt":"2022-04-18T17:37:54","slug":"gerolsteiner-gourmet-spritzig-24x025-ltr","status":"publish","type":"product","link":"https:\/\/getraenke-rieden.de\/wp571\/produkt\/gerolsteiner-gourmet-spritzig-24x025-ltr\/","title":{"rendered":"Gerolsteiner Gourmet spritzig 24&#215;0,25 ltr."},"content":{"rendered":"","protected":false},"excerpt":{"rendered":"<p>Gerolsteiner Sprudel ist eines der meistgetrunkenen Mineralw\u00e4sser Deutschlands. Den besonderen geologischen Gegebenheiten der Vulkaneifel verdankt Gerolsteiner Sprudel seinen erfrischenden, harmonischen Geschmack und seinen nat\u00fcrlichen Gehalt an wertvollen Mineralstoffen wie Calcium und Magnesium.<\/p>\n<ul>\n<li><strong>Gebinde:<\/strong> 24 x 0,25l Mehrwegflaschen (Glas) im Kasten<\/li>\n<li><strong>Alkoholgehalt:<\/strong> <\/li>\n<li><strong>Stammw\u00fcrze:<\/strong> <\/li>\n<li><strong>Kcal:<\/strong> <\/li>\n<li><strong>Zutaten:<\/strong> <\/li>\n<\/ul>\n<h6><span style='color: #808080'>F\u00fcr die vorstehenden Angaben wird keine Haftung \u00fcbernommen. Bitte pr\u00fcfen Sie im Einzelfall die Angaben auf der jeweiligen Produktverpackung, nur diese sind verbindlich. Das Produktdesign kann von der Abbildung abweichen.<\/span><\/h6>\n","protected":false},"featured_media":367,"template":"","meta":[],"product_brand":[],"product_cat":[26,28,83],"product_tag":[],"class_list":{"0":"post-608","1":"product","2":"type-product","3":"status-publish","4":"has-post-thumbnail","6":"product_cat-alkoholfreie-getraenke","7":"product_cat-mineralwasser","8":"product_cat-sprudel","9":"product_deptype-5-10","11":"first","12":"instock","13":"taxable","14":"shipping-taxable","15":"purchasable","16":"product-type-simple"},"_links":{"self":[{"href":"https:\/\/getraenke-rieden.de\/wp571\/wp-json\/wp\/v2\/product\/608","targetHints":{"allow":["GET"]}}],"collection":[{"href":"https:\/\/getraenke-rieden.de\/wp571\/wp-json\/wp\/v2\/product"}],"about":[{"href":"https:\/\/getraenke-rieden.de\/wp571\/wp-json\/wp\/v2\/types\/product"}],"wp:featuredmedia":[{"embeddable":true,"href":"https:\/\/getraenke-rieden.de\/wp571\/wp-json\/wp\/v2\/media\/367"}],"wp:attachment":[{"href":"https:\/\/getraenke-rieden.de\/wp571\/wp-json\/wp\/v2\/media?parent=608"}],"wp:term":[{"taxonomy":"product_brand","embeddable":true,"href":"https:\/\/getraenke-rieden.de\/wp571\/wp-json\/wp\/v2\/product_brand?post=608"},{"taxonomy":"product_cat","embeddable":true,"href":"https:\/\/getraenke-rieden.de\/wp571\/wp-json\/wp\/v2\/product_cat?post=608"},{"taxonomy":"product_tag","embeddable":true,"href":"https:\/\/getraenke-rieden.de\/wp571\/wp-json\/wp\/v2\/product_tag?post=608"}],"curies":[{"name":"wp","href":"https:\/\/api.w.org\/{rel}","templated":true}]}}