{"id":595,"date":"2022-04-01T16:29:45","date_gmt":"2022-04-01T14:29:45","guid":{"rendered":"https:\/\/getraenke-rieden.de\/wp571\/produkt\/elisabethen-quelle-mineralwasser-medium-12x10-ltr\/"},"modified":"2025-12-20T00:04:41","modified_gmt":"2025-12-19T23:04:41","slug":"elisabethen-quelle-mineralwasser-medium-12x10-ltr","status":"publish","type":"product","link":"https:\/\/getraenke-rieden.de\/wp571\/produkt\/elisabethen-quelle-mineralwasser-medium-12x10-ltr\/","title":{"rendered":"Elisabethen Quelle Mineralwasser Medium 12&#215;1,0 ltr."},"content":{"rendered":"","protected":false},"excerpt":{"rendered":"<p>Angenehm erfrischend und belebend: Elisabethen Quelle Medium mit wenig Kohlens\u00e4ure, wird gesch\u00fctzt vor \u00e4u\u00dferen Einfl\u00fcssen, direkt an der Quelle abgef\u00fcllt. Dank der sanften Mineralisierung ist unser nat\u00fcrliches Mineralwasser natriumarm und deshalb auch ideal, wenn es um die Zubereitung von Babynahrung geht.<\/p>\n<ul>\n<li><strong>Gebinde:<\/strong> 12 x 1,0l Mehrwegflaschen (PET) im Kasten<\/li>\n<li><strong>Alkoholgehalt:<\/strong><\/li>\n<li><strong>Stammw\u00fcrze:<\/strong><\/li>\n<li><strong>Kcal:<\/strong><\/li>\n<li><strong>Zutaten:<\/strong><\/li>\n<\/ul>\n<h6><span style=\"color: #808080\">F\u00fcr die vorstehenden Angaben wird keine Haftung \u00fcbernommen. Bitte pr\u00fcfen Sie im Einzelfall die Angaben auf der jeweiligen Produktverpackung, nur diese sind verbindlich. Das Produktdesign kann von der Abbildung abweichen.<\/span><\/h6>\n","protected":false},"featured_media":367,"template":"","meta":[],"product_brand":[],"product_cat":[26,84,28],"product_tag":[],"class_list":{"0":"post-595","1":"product","2":"type-product","3":"status-publish","4":"has-post-thumbnail","6":"product_cat-alkoholfreie-getraenke","7":"product_cat-medium","8":"product_cat-mineralwasser","9":"product_deptype-3-30","11":"first","12":"instock","13":"taxable","14":"shipping-taxable","15":"purchasable","16":"product-type-simple"},"_links":{"self":[{"href":"https:\/\/getraenke-rieden.de\/wp571\/wp-json\/wp\/v2\/product\/595","targetHints":{"allow":["GET"]}}],"collection":[{"href":"https:\/\/getraenke-rieden.de\/wp571\/wp-json\/wp\/v2\/product"}],"about":[{"href":"https:\/\/getraenke-rieden.de\/wp571\/wp-json\/wp\/v2\/types\/product"}],"wp:featuredmedia":[{"embeddable":true,"href":"https:\/\/getraenke-rieden.de\/wp571\/wp-json\/wp\/v2\/media\/367"}],"wp:attachment":[{"href":"https:\/\/getraenke-rieden.de\/wp571\/wp-json\/wp\/v2\/media?parent=595"}],"wp:term":[{"taxonomy":"product_brand","embeddable":true,"href":"https:\/\/getraenke-rieden.de\/wp571\/wp-json\/wp\/v2\/product_brand?post=595"},{"taxonomy":"product_cat","embeddable":true,"href":"https:\/\/getraenke-rieden.de\/wp571\/wp-json\/wp\/v2\/product_cat?post=595"},{"taxonomy":"product_tag","embeddable":true,"href":"https:\/\/getraenke-rieden.de\/wp571\/wp-json\/wp\/v2\/product_tag?post=595"}],"curies":[{"name":"wp","href":"https:\/\/api.w.org\/{rel}","templated":true}]}}