{"id":588,"date":"2022-04-01T16:29:44","date_gmt":"2022-04-01T14:29:44","guid":{"rendered":"https:\/\/getraenke-rieden.de\/wp571\/produkt\/hassia-mineralwasser-20x025-ltr\/"},"modified":"2023-09-12T22:26:06","modified_gmt":"2023-09-12T20:26:06","slug":"hassia-mineralwasser-20x025-ltr","status":"publish","type":"product","link":"https:\/\/getraenke-rieden.de\/wp571\/produkt\/hassia-mineralwasser-20x025-ltr\/","title":{"rendered":"Hassia Mineralwasser 20&#215;0,25 ltr."},"content":{"rendered":"","protected":false},"excerpt":{"rendered":"<p>Der &#8222;Klassiker&#8220; hassia Sprudel erfrischt mit prickelnder Kohlens\u00e4ure. Dank seinem hohen Anteil an nat\u00fcrlichem Calcium kann man mit jedem Schluck etwas f\u00fcr seine Gesundheit tun. Der hohe Gehalt an nat\u00fcrlichem Hydrogencarbonat sorgt f\u00fcr eine effizientere Aufnahme des Calcium. Das st\u00e4rkt beim Knochenaufbau in der Jugend und erh\u00e4lt die Knochen im Alter.<\/p>\n<ul>\n<li><strong>Gebinde:<\/strong> 20 x 0,25l Mehrwegflaschen (Glas) im Kasten<\/li>\n<li><strong>Alkoholgehalt:<\/strong> <\/li>\n<li><strong>Stammw\u00fcrze:<\/strong> <\/li>\n<li><strong>Kcal:<\/strong> <\/li>\n<li><strong>Zutaten:<\/strong> <\/li>\n<\/ul>\n<h6><span style='color: #808080'>F\u00fcr die vorstehenden Angaben wird keine Haftung \u00fcbernommen. Bitte pr\u00fcfen Sie im Einzelfall die Angaben auf der jeweiligen Produktverpackung, nur diese sind verbindlich. Das Produktdesign kann von der Abbildung abweichen.<\/span><\/h6>\n","protected":false},"featured_media":367,"template":"","meta":[],"product_brand":[],"product_cat":[26,28,83],"product_tag":[],"class_list":{"0":"post-588","1":"product","2":"type-product","3":"status-publish","4":"has-post-thumbnail","6":"product_cat-alkoholfreie-getraenke","7":"product_cat-mineralwasser","8":"product_cat-sprudel","9":"product_deptype-5-10","11":"first","12":"instock","13":"taxable","14":"shipping-taxable","15":"purchasable","16":"product-type-simple"},"_links":{"self":[{"href":"https:\/\/getraenke-rieden.de\/wp571\/wp-json\/wp\/v2\/product\/588","targetHints":{"allow":["GET"]}}],"collection":[{"href":"https:\/\/getraenke-rieden.de\/wp571\/wp-json\/wp\/v2\/product"}],"about":[{"href":"https:\/\/getraenke-rieden.de\/wp571\/wp-json\/wp\/v2\/types\/product"}],"wp:featuredmedia":[{"embeddable":true,"href":"https:\/\/getraenke-rieden.de\/wp571\/wp-json\/wp\/v2\/media\/367"}],"wp:attachment":[{"href":"https:\/\/getraenke-rieden.de\/wp571\/wp-json\/wp\/v2\/media?parent=588"}],"wp:term":[{"taxonomy":"product_brand","embeddable":true,"href":"https:\/\/getraenke-rieden.de\/wp571\/wp-json\/wp\/v2\/product_brand?post=588"},{"taxonomy":"product_cat","embeddable":true,"href":"https:\/\/getraenke-rieden.de\/wp571\/wp-json\/wp\/v2\/product_cat?post=588"},{"taxonomy":"product_tag","embeddable":true,"href":"https:\/\/getraenke-rieden.de\/wp571\/wp-json\/wp\/v2\/product_tag?post=588"}],"curies":[{"name":"wp","href":"https:\/\/api.w.org\/{rel}","templated":true}]}}