{"id":586,"date":"2022-04-01T16:29:44","date_gmt":"2022-04-01T14:29:44","guid":{"rendered":"https:\/\/getraenke-rieden.de\/wp571\/produkt\/rosbacher-naturelle-12x075-ltr\/"},"modified":"2023-09-12T22:26:19","modified_gmt":"2023-09-12T20:26:19","slug":"rosbacher-naturelle-12x075-ltr","status":"publish","type":"product","link":"https:\/\/getraenke-rieden.de\/wp571\/produkt\/rosbacher-naturelle-12x075-ltr\/","title":{"rendered":"Rosbacher Naturelle 12&#215;0,75 ltr."},"content":{"rendered":"","protected":false},"excerpt":{"rendered":"<p>Rosbacher Mineralwasser ist ein reines Naturprodukt. Es wird durch die tiefen Gesteinsschichten der Wetterau gefiltert und nimmt auf seinem langen Weg besonders viele wertvolle Mineralstoffe auf. Ein Gro\u00dfteil der stillen Mineralw\u00e4sser in Deutschland ist leider nur gering mineralisiert, da ohne die Kohlens\u00e4ure schnell der Geschmack der Mineralstoffe dominiert. Nicht bei Rosbacher Naturell \u2013 obwohl es eines der am st\u00e4rksten mineralisierten stillen Mineralw\u00e4sser in Deutschland ist, zeichnet es sich durch einen ausgewogenen, sanft mineralischen Geschmack aus.<\/p>\n<ul>\n<li><strong>Gebinde:<\/strong> 12 x 0,75l Mehrwegflaschen (Glas) im Kasten<\/li>\n<li><strong>Alkoholgehalt:<\/strong> <\/li>\n<li><strong>Stammw\u00fcrze:<\/strong> <\/li>\n<li><strong>Kcal:<\/strong> <\/li>\n<li><strong>Zutaten:<\/strong> <\/li>\n<\/ul>\n<h6><span style='color: #808080'>F\u00fcr die vorstehenden Angaben wird keine Haftung \u00fcbernommen. Bitte pr\u00fcfen Sie im Einzelfall die Angaben auf der jeweiligen Produktverpackung, nur diese sind verbindlich. Das Produktdesign kann von der Abbildung abweichen.<\/span><\/h6>\n","protected":false},"featured_media":367,"template":"","meta":[],"product_brand":[],"product_cat":[26,28,85],"product_tag":[],"class_list":{"0":"post-586","1":"product","2":"type-product","3":"status-publish","4":"has-post-thumbnail","6":"product_cat-alkoholfreie-getraenke","7":"product_cat-mineralwasser","8":"product_cat-still","9":"product_deptype-3-30","11":"first","12":"instock","13":"taxable","14":"shipping-taxable","15":"purchasable","16":"product-type-simple"},"_links":{"self":[{"href":"https:\/\/getraenke-rieden.de\/wp571\/wp-json\/wp\/v2\/product\/586","targetHints":{"allow":["GET"]}}],"collection":[{"href":"https:\/\/getraenke-rieden.de\/wp571\/wp-json\/wp\/v2\/product"}],"about":[{"href":"https:\/\/getraenke-rieden.de\/wp571\/wp-json\/wp\/v2\/types\/product"}],"wp:featuredmedia":[{"embeddable":true,"href":"https:\/\/getraenke-rieden.de\/wp571\/wp-json\/wp\/v2\/media\/367"}],"wp:attachment":[{"href":"https:\/\/getraenke-rieden.de\/wp571\/wp-json\/wp\/v2\/media?parent=586"}],"wp:term":[{"taxonomy":"product_brand","embeddable":true,"href":"https:\/\/getraenke-rieden.de\/wp571\/wp-json\/wp\/v2\/product_brand?post=586"},{"taxonomy":"product_cat","embeddable":true,"href":"https:\/\/getraenke-rieden.de\/wp571\/wp-json\/wp\/v2\/product_cat?post=586"},{"taxonomy":"product_tag","embeddable":true,"href":"https:\/\/getraenke-rieden.de\/wp571\/wp-json\/wp\/v2\/product_tag?post=586"}],"curies":[{"name":"wp","href":"https:\/\/api.w.org\/{rel}","templated":true}]}}