{"id":575,"date":"2022-04-01T16:29:43","date_gmt":"2022-04-01T14:29:43","guid":{"rendered":"https:\/\/getraenke-rieden.de\/wp571\/produkt\/rosbacher-klassik-12x075-ltr\/"},"modified":"2023-09-12T22:27:08","modified_gmt":"2023-09-12T20:27:08","slug":"rosbacher-klassik-12x075-ltr","status":"publish","type":"product","link":"https:\/\/getraenke-rieden.de\/wp571\/produkt\/rosbacher-klassik-12x075-ltr\/","title":{"rendered":"Rosbacher Klassik 12&#215;0,75 ltr."},"content":{"rendered":"","protected":false},"excerpt":{"rendered":"<p>Rosbacher Mineralwasser ist ein reines Naturprodukt. Es wird durch die tiefen Gesteinsschichten der Wetterau gefiltert und nimmt auf seinem langen Weg besonders viele wertvolle Mineralstoffe auf. Wer Rosbacher Mineralwasser in der Sorte Klassisch trinkt, genie\u00dft nicht nur den belebenden Geschmack prickelnder Kohlens\u00e4ure. Die enthaltene Kohlens\u00e4ure unterst\u00fctzt zus\u00e4tzlich eine schnelle Aufnahme von Mineralstoffen im K\u00f6rper.<\/p>\n<ul>\n<li><strong>Gebinde:<\/strong> 12 x 0,75l Mehrwegflaschen (Glas) im Kasten<\/li>\n<li><strong>Alkoholgehalt:<\/strong> <\/li>\n<li><strong>Stammw\u00fcrze:<\/strong> <\/li>\n<li><strong>Kcal:<\/strong> <\/li>\n<li><strong>Zutaten:<\/strong> <\/li>\n<\/ul>\n<h6><span style='color: #808080'>F\u00fcr die vorstehenden Angaben wird keine Haftung \u00fcbernommen. Bitte pr\u00fcfen Sie im Einzelfall die Angaben auf der jeweiligen Produktverpackung, nur diese sind verbindlich. Das Produktdesign kann von der Abbildung abweichen.<\/span><\/h6>\n","protected":false},"featured_media":367,"template":"","meta":[],"product_brand":[],"product_cat":[26,28,83],"product_tag":[],"class_list":{"0":"post-575","1":"product","2":"type-product","3":"status-publish","4":"has-post-thumbnail","6":"product_cat-alkoholfreie-getraenke","7":"product_cat-mineralwasser","8":"product_cat-sprudel","9":"product_deptype-3-30","11":"first","12":"instock","13":"taxable","14":"shipping-taxable","15":"purchasable","16":"product-type-simple"},"_links":{"self":[{"href":"https:\/\/getraenke-rieden.de\/wp571\/wp-json\/wp\/v2\/product\/575","targetHints":{"allow":["GET"]}}],"collection":[{"href":"https:\/\/getraenke-rieden.de\/wp571\/wp-json\/wp\/v2\/product"}],"about":[{"href":"https:\/\/getraenke-rieden.de\/wp571\/wp-json\/wp\/v2\/types\/product"}],"wp:featuredmedia":[{"embeddable":true,"href":"https:\/\/getraenke-rieden.de\/wp571\/wp-json\/wp\/v2\/media\/367"}],"wp:attachment":[{"href":"https:\/\/getraenke-rieden.de\/wp571\/wp-json\/wp\/v2\/media?parent=575"}],"wp:term":[{"taxonomy":"product_brand","embeddable":true,"href":"https:\/\/getraenke-rieden.de\/wp571\/wp-json\/wp\/v2\/product_brand?post=575"},{"taxonomy":"product_cat","embeddable":true,"href":"https:\/\/getraenke-rieden.de\/wp571\/wp-json\/wp\/v2\/product_cat?post=575"},{"taxonomy":"product_tag","embeddable":true,"href":"https:\/\/getraenke-rieden.de\/wp571\/wp-json\/wp\/v2\/product_tag?post=575"}],"curies":[{"name":"wp","href":"https:\/\/api.w.org\/{rel}","templated":true}]}}