{"id":554,"date":"2022-03-18T07:48:26","date_gmt":"2022-03-18T06:48:26","guid":{"rendered":"https:\/\/getraenke-rieden.de\/wp571\/produkt\/odenwald-quelle-ace-orange-11x05-ltr\/"},"modified":"2023-09-12T22:29:03","modified_gmt":"2023-09-12T20:29:03","slug":"odenwald-quelle-ace-orange-11x05-ltr","status":"publish","type":"product","link":"https:\/\/getraenke-rieden.de\/wp571\/produkt\/odenwald-quelle-ace-orange-11x05-ltr\/","title":{"rendered":"Odenwald Quelle ACE Orange 11&#215;0,5 ltr."},"content":{"rendered":"","protected":false},"excerpt":{"rendered":"<p>Orangen-Karotten-Zitronen-Vitamingetr\u00e4nk mit Zucker und S\u00fc\u00dfungsmitteln.<\/p>\n<ul>\n<li><strong>Gebinde:<\/strong> 12 x 0,5l Einwegflaschen (PET) im Kasten<\/li>\n<li><strong>Alkoholgehalt:<\/strong> <\/li>\n<li><strong>Stammw\u00fcrze:<\/strong> <\/li>\n<li><strong>Kcal:<\/strong> 21 \/ 100 ml<\/li>\n<li><strong>Zutaten:<\/strong> Nat\u00fcrliches Mineralwasser, Orangensaft* (11 %). Karottensaft* (5 %), Invertzuckersirup, Zitronensaft* (4 %), Kohlens\u00e4ure, Vitaminmischung (Vitamin C, Vitamin E und Beta-Carotin); S\u00fc\u00dfungsmittel Natriumcyclamat, Acesulfam K, Aspartam und Natriumsaccharin; StabilisatorPektin, nat\u00fcrliche Aromen. (* aus Fruchtsaftkonzentraten) Enth\u00e4lt eine Phenylalaninquelle.<\/li>\n<\/ul>\n<h6><span style='color: #808080'>F\u00fcr die vorstehenden Angaben wird keine Haftung \u00fcbernommen. Bitte pr\u00fcfen Sie im Einzelfall die Angaben auf der jeweiligen Produktverpackung, nur diese sind verbindlich. Das Produktdesign kann von der Abbildung abweichen.<\/span><\/h6>\n","protected":false},"featured_media":367,"template":"","meta":[],"product_brand":[],"product_cat":[26,73,15],"product_tag":[],"class_list":{"0":"post-554","1":"product","2":"type-product","3":"status-publish","4":"has-post-thumbnail","6":"product_cat-alkoholfreie-getraenke","7":"product_cat-limonade","8":"product_cat-unkategorisiert","9":"product_deptype-4-25","11":"first","12":"instock","13":"taxable","14":"shipping-taxable","15":"purchasable","16":"product-type-simple"},"_links":{"self":[{"href":"https:\/\/getraenke-rieden.de\/wp571\/wp-json\/wp\/v2\/product\/554","targetHints":{"allow":["GET"]}}],"collection":[{"href":"https:\/\/getraenke-rieden.de\/wp571\/wp-json\/wp\/v2\/product"}],"about":[{"href":"https:\/\/getraenke-rieden.de\/wp571\/wp-json\/wp\/v2\/types\/product"}],"wp:featuredmedia":[{"embeddable":true,"href":"https:\/\/getraenke-rieden.de\/wp571\/wp-json\/wp\/v2\/media\/367"}],"wp:attachment":[{"href":"https:\/\/getraenke-rieden.de\/wp571\/wp-json\/wp\/v2\/media?parent=554"}],"wp:term":[{"taxonomy":"product_brand","embeddable":true,"href":"https:\/\/getraenke-rieden.de\/wp571\/wp-json\/wp\/v2\/product_brand?post=554"},{"taxonomy":"product_cat","embeddable":true,"href":"https:\/\/getraenke-rieden.de\/wp571\/wp-json\/wp\/v2\/product_cat?post=554"},{"taxonomy":"product_tag","embeddable":true,"href":"https:\/\/getraenke-rieden.de\/wp571\/wp-json\/wp\/v2\/product_tag?post=554"}],"curies":[{"name":"wp","href":"https:\/\/api.w.org\/{rel}","templated":true}]}}