{"id":545,"date":"2022-03-18T07:48:26","date_gmt":"2022-03-18T06:48:26","guid":{"rendered":"https:\/\/getraenke-rieden.de\/wp571\/produkt\/finkenbach-lemon-12x07-ltr\/"},"modified":"2023-09-12T22:30:01","modified_gmt":"2023-09-12T20:30:01","slug":"finkenbach-lemon-12x07-ltr","status":"publish","type":"product","link":"https:\/\/getraenke-rieden.de\/wp571\/produkt\/finkenbach-lemon-12x07-ltr\/","title":{"rendered":"Finkenbach Lemon 12&#215;0,7 ltr."},"content":{"rendered":"","protected":false},"excerpt":{"rendered":"<p>Kalorienarmes Erfrischungsgetr\u00e4nk mit Zitronengeschmack.<\/p>\n<ul>\n<li><strong>Gebinde:<\/strong> 12 x 0,7l Mehrwegflaschen (Glas) im Kasten<\/li>\n<li><strong>Alkoholgehalt:<\/strong> <\/li>\n<li><strong>Stammw\u00fcrze:<\/strong> <\/li>\n<li><strong>Kcal:<\/strong> 6 \/ 100 ml<\/li>\n<li><strong>Zutaten:<\/strong> Nat\u00fcrliches Mineralwasser, Fruchtkonzentrat, Kohlens\u00e4ure, S\u00e4uerungsmittel Citronens\u00e4ure, nat\u00fcrliches Zitronen-Limettenaroma.<\/li>\n<\/ul>\n<h6><span style='color: #808080'>F\u00fcr die vorstehenden Angaben wird keine Haftung \u00fcbernommen. Bitte pr\u00fcfen Sie im Einzelfall die Angaben auf der jeweiligen Produktverpackung, nur diese sind verbindlich. Das Produktdesign kann von der Abbildung abweichen.<\/span><\/h6>\n","protected":false},"featured_media":367,"template":"","meta":[],"product_brand":[],"product_cat":[26,28,83],"product_tag":[],"class_list":{"0":"post-545","1":"product","2":"type-product","3":"status-publish","4":"has-post-thumbnail","6":"product_cat-alkoholfreie-getraenke","7":"product_cat-mineralwasser","8":"product_cat-sprudel","9":"product_deptype-3-30","11":"first","12":"instock","13":"taxable","14":"shipping-taxable","15":"purchasable","16":"product-type-simple"},"_links":{"self":[{"href":"https:\/\/getraenke-rieden.de\/wp571\/wp-json\/wp\/v2\/product\/545","targetHints":{"allow":["GET"]}}],"collection":[{"href":"https:\/\/getraenke-rieden.de\/wp571\/wp-json\/wp\/v2\/product"}],"about":[{"href":"https:\/\/getraenke-rieden.de\/wp571\/wp-json\/wp\/v2\/types\/product"}],"wp:featuredmedia":[{"embeddable":true,"href":"https:\/\/getraenke-rieden.de\/wp571\/wp-json\/wp\/v2\/media\/367"}],"wp:attachment":[{"href":"https:\/\/getraenke-rieden.de\/wp571\/wp-json\/wp\/v2\/media?parent=545"}],"wp:term":[{"taxonomy":"product_brand","embeddable":true,"href":"https:\/\/getraenke-rieden.de\/wp571\/wp-json\/wp\/v2\/product_brand?post=545"},{"taxonomy":"product_cat","embeddable":true,"href":"https:\/\/getraenke-rieden.de\/wp571\/wp-json\/wp\/v2\/product_cat?post=545"},{"taxonomy":"product_tag","embeddable":true,"href":"https:\/\/getraenke-rieden.de\/wp571\/wp-json\/wp\/v2\/product_tag?post=545"}],"curies":[{"name":"wp","href":"https:\/\/api.w.org\/{rel}","templated":true}]}}