{"id":530,"date":"2022-03-18T07:48:24","date_gmt":"2022-03-18T06:48:24","guid":{"rendered":"https:\/\/getraenke-rieden.de\/wp571\/produkt\/coca-cola-light-12x10-ltr\/"},"modified":"2025-12-20T00:12:11","modified_gmt":"2025-12-19T23:12:11","slug":"coca-cola-light-12x10-ltr","status":"publish","type":"product","link":"https:\/\/getraenke-rieden.de\/wp571\/produkt\/coca-cola-light-12x10-ltr\/","title":{"rendered":"Coca Cola Light 12&#215;1,0 ltr."},"content":{"rendered":"","protected":false},"excerpt":{"rendered":"<p>Schon 1983 hat Coca-Cola light den Trend zu kalorienfreien Getr\u00e4nken mitbegr\u00fcndet. Der erfrischende, einzigartige Geschmack ist bis heute unerreicht. Coca-Cola light steht f\u00fcr null Kalorien und ein leichtes Lebensgef\u00fchl.<\/p>\n<ul>\n<li><strong>Gebinde:<\/strong> 12 x 1,0l Mehrwegflaschen (Glas) im Kasten<\/li>\n<li><strong>Alkoholgehalt:<\/strong><\/li>\n<li><strong>Stammw\u00fcrze:<\/strong><\/li>\n<li><strong>Kcal:<\/strong> 0,2 \/ 100 ml<\/li>\n<li><strong>Zutaten:<\/strong> Wasser, Kohlens\u00e4ure, Farbstoff E 150d, S\u00e4uerungsmittel (Phosphors\u00e4ure, Citronens\u00e4ure), S\u00fc\u00dfungsmittel (Natriumcyclamat, Acesulfam K, Aspartam), nat\u00fcrliches Aroma inklusive Koffein. Enth\u00e4lt eine Phenylalaninquelle.<\/li>\n<\/ul>\n<h6><span style=\"color: #808080\">F\u00fcr die vorstehenden Angaben wird keine Haftung \u00fcbernommen. Bitte pr\u00fcfen Sie im Einzelfall die Angaben auf der jeweiligen Produktverpackung, nur diese sind verbindlich. Das Produktdesign kann von der Abbildung abweichen.<\/span><\/h6>\n","protected":false},"featured_media":367,"template":"","meta":[],"product_brand":[],"product_cat":[26,29],"product_tag":[],"class_list":{"0":"post-530","1":"product","2":"type-product","3":"status-publish","4":"has-post-thumbnail","6":"product_cat-alkoholfreie-getraenke","7":"product_cat-cola-mixgetraenke","8":"product_deptype-3-3","10":"first","11":"instock","12":"taxable","13":"shipping-taxable","14":"purchasable","15":"product-type-simple"},"_links":{"self":[{"href":"https:\/\/getraenke-rieden.de\/wp571\/wp-json\/wp\/v2\/product\/530","targetHints":{"allow":["GET"]}}],"collection":[{"href":"https:\/\/getraenke-rieden.de\/wp571\/wp-json\/wp\/v2\/product"}],"about":[{"href":"https:\/\/getraenke-rieden.de\/wp571\/wp-json\/wp\/v2\/types\/product"}],"wp:featuredmedia":[{"embeddable":true,"href":"https:\/\/getraenke-rieden.de\/wp571\/wp-json\/wp\/v2\/media\/367"}],"wp:attachment":[{"href":"https:\/\/getraenke-rieden.de\/wp571\/wp-json\/wp\/v2\/media?parent=530"}],"wp:term":[{"taxonomy":"product_brand","embeddable":true,"href":"https:\/\/getraenke-rieden.de\/wp571\/wp-json\/wp\/v2\/product_brand?post=530"},{"taxonomy":"product_cat","embeddable":true,"href":"https:\/\/getraenke-rieden.de\/wp571\/wp-json\/wp\/v2\/product_cat?post=530"},{"taxonomy":"product_tag","embeddable":true,"href":"https:\/\/getraenke-rieden.de\/wp571\/wp-json\/wp\/v2\/product_tag?post=530"}],"curies":[{"name":"wp","href":"https:\/\/api.w.org\/{rel}","templated":true}]}}