{"id":524,"date":"2022-03-18T07:48:24","date_gmt":"2022-03-18T06:48:24","guid":{"rendered":"https:\/\/getraenke-rieden.de\/wp571\/produkt\/coca-cola-pet-12x05-ltr\/"},"modified":"2023-09-12T22:40:08","modified_gmt":"2023-09-12T20:40:08","slug":"coca-cola-pet-12x05-ltr","status":"publish","type":"product","link":"https:\/\/getraenke-rieden.de\/wp571\/produkt\/coca-cola-pet-12x05-ltr\/","title":{"rendered":"Coca Cola PET 12&#215;0,5 ltr."},"content":{"rendered":"","protected":false},"excerpt":{"rendered":"<p>Im Jahr 1886 entwickelte der Arzt und Apotheker John S. Pemberton in Atlanta, USA, die Rezeptur von Coca-Cola und legte damit den Grundstein f\u00fcr eine Erfolgsgeschichte. Wie kaum eine andere Marke steht Coca-Cola seit \u00fcber 130 Jahren f\u00fcr Optimismus und Lebensfreude.<\/p>\n<ul>\n<li><strong>Gebinde:<\/strong> 12 x 0,5l Einwegflaschen (PET) im Kasten<\/li>\n<li><strong>Alkoholgehalt:<\/strong> <\/li>\n<li><strong>Stammw\u00fcrze:<\/strong> <\/li>\n<li><strong>Kcal:<\/strong> 42 \/ 100 ml<\/li>\n<li><strong>Zutaten:<\/strong> Wasser, Zucker, Kohlens\u00e4ure, Farbstoff E 150d, S\u00e4uerungsmittel Phosphors\u00e4ure, nat\u00fcrliches Aroma inklusive Koffein<\/li>\n<\/ul>\n<h6><span style='color: #808080'>F\u00fcr die vorstehenden Angaben wird keine Haftung \u00fcbernommen. Bitte pr\u00fcfen Sie im Einzelfall die Angaben auf der jeweiligen Produktverpackung, nur diese sind verbindlich. Das Produktdesign kann von der Abbildung abweichen.<\/span><\/h6>\n","protected":false},"featured_media":367,"template":"","meta":[],"product_brand":[],"product_cat":[26,29],"product_tag":[],"class_list":{"0":"post-524","1":"product","2":"type-product","3":"status-publish","4":"has-post-thumbnail","6":"product_cat-alkoholfreie-getraenke","7":"product_cat-cola-mixgetraenke","8":"product_deptype-4-5","10":"first","11":"instock","12":"taxable","13":"shipping-taxable","14":"purchasable","15":"product-type-simple"},"_links":{"self":[{"href":"https:\/\/getraenke-rieden.de\/wp571\/wp-json\/wp\/v2\/product\/524","targetHints":{"allow":["GET"]}}],"collection":[{"href":"https:\/\/getraenke-rieden.de\/wp571\/wp-json\/wp\/v2\/product"}],"about":[{"href":"https:\/\/getraenke-rieden.de\/wp571\/wp-json\/wp\/v2\/types\/product"}],"wp:featuredmedia":[{"embeddable":true,"href":"https:\/\/getraenke-rieden.de\/wp571\/wp-json\/wp\/v2\/media\/367"}],"wp:attachment":[{"href":"https:\/\/getraenke-rieden.de\/wp571\/wp-json\/wp\/v2\/media?parent=524"}],"wp:term":[{"taxonomy":"product_brand","embeddable":true,"href":"https:\/\/getraenke-rieden.de\/wp571\/wp-json\/wp\/v2\/product_brand?post=524"},{"taxonomy":"product_cat","embeddable":true,"href":"https:\/\/getraenke-rieden.de\/wp571\/wp-json\/wp\/v2\/product_cat?post=524"},{"taxonomy":"product_tag","embeddable":true,"href":"https:\/\/getraenke-rieden.de\/wp571\/wp-json\/wp\/v2\/product_tag?post=524"}],"curies":[{"name":"wp","href":"https:\/\/api.w.org\/{rel}","templated":true}]}}