{"id":515,"date":"2022-03-18T07:48:23","date_gmt":"2022-03-18T06:48:23","guid":{"rendered":"https:\/\/getraenke-rieden.de\/wp571\/produkt\/fanta-orange-12x10-ltr\/"},"modified":"2025-12-20T00:13:53","modified_gmt":"2025-12-19T23:13:53","slug":"fanta-orange-12x10-ltr","status":"publish","type":"product","link":"https:\/\/getraenke-rieden.de\/wp571\/produkt\/fanta-orange-12x10-ltr\/","title":{"rendered":"Fanta Orange 12&#215;1,0 ltr."},"content":{"rendered":"","protected":false},"excerpt":{"rendered":"<p>Fanta, das klassische Erfrischungsgetr\u00e4nk mit Orangengeschmack.<\/p>\n<ul>\n<li><strong>Gebinde:<\/strong> 12 x 1,0l Mehrwegflaschen (Glas) im Kasten<\/li>\n<li><strong>Alkoholgehalt:<\/strong><\/li>\n<li><strong>Stammw\u00fcrze:<\/strong><\/li>\n<li><strong>Kcal:<\/strong> 32 \/ 100 ml<\/li>\n<li><strong>Zutaten:<\/strong> Wasser, Zucker, Orangensaft aus Orangensaftkonzentrat, Kohlens\u00e4ure, S\u00e4uerungsmittel (Citronens\u00e4ure, \u00c4pfels\u00e4ure), Citrusextrakt, S\u00e4ureregulator Natriumgluconat, Aroma, Antioxidationsmittel Ascorbins\u00e4ure, Stabilisatoren (E 440, E 414, E 445 und E 412), Farbstoff Carotin.<\/li>\n<\/ul>\n<h6><span style=\"color: #808080\">F\u00fcr die vorstehenden Angaben wird keine Haftung \u00fcbernommen. Bitte pr\u00fcfen Sie im Einzelfall die Angaben auf der jeweiligen Produktverpackung, nur diese sind verbindlich. Das Produktdesign kann von der Abbildung abweichen.<\/span><\/h6>\n","protected":false},"featured_media":367,"template":"","meta":[],"product_brand":[],"product_cat":[26,73],"product_tag":[],"class_list":{"0":"post-515","1":"product","2":"type-product","3":"status-publish","4":"has-post-thumbnail","6":"product_cat-alkoholfreie-getraenke","7":"product_cat-limonade","8":"product_deptype-5-1","10":"first","11":"instock","12":"taxable","13":"shipping-taxable","14":"purchasable","15":"product-type-simple"},"_links":{"self":[{"href":"https:\/\/getraenke-rieden.de\/wp571\/wp-json\/wp\/v2\/product\/515","targetHints":{"allow":["GET"]}}],"collection":[{"href":"https:\/\/getraenke-rieden.de\/wp571\/wp-json\/wp\/v2\/product"}],"about":[{"href":"https:\/\/getraenke-rieden.de\/wp571\/wp-json\/wp\/v2\/types\/product"}],"wp:featuredmedia":[{"embeddable":true,"href":"https:\/\/getraenke-rieden.de\/wp571\/wp-json\/wp\/v2\/media\/367"}],"wp:attachment":[{"href":"https:\/\/getraenke-rieden.de\/wp571\/wp-json\/wp\/v2\/media?parent=515"}],"wp:term":[{"taxonomy":"product_brand","embeddable":true,"href":"https:\/\/getraenke-rieden.de\/wp571\/wp-json\/wp\/v2\/product_brand?post=515"},{"taxonomy":"product_cat","embeddable":true,"href":"https:\/\/getraenke-rieden.de\/wp571\/wp-json\/wp\/v2\/product_cat?post=515"},{"taxonomy":"product_tag","embeddable":true,"href":"https:\/\/getraenke-rieden.de\/wp571\/wp-json\/wp\/v2\/product_tag?post=515"}],"curies":[{"name":"wp","href":"https:\/\/api.w.org\/{rel}","templated":true}]}}