{"id":506,"date":"2022-03-18T07:48:23","date_gmt":"2022-03-18T06:48:23","guid":{"rendered":"https:\/\/getraenke-rieden.de\/wp571\/produkt\/deit-zitrone-12x10-ltr\/"},"modified":"2022-03-20T17:17:10","modified_gmt":"2022-03-20T16:17:10","slug":"deit-zitrone-12x10-ltr","status":"publish","type":"product","link":"https:\/\/getraenke-rieden.de\/wp571\/produkt\/deit-zitrone-12x10-ltr\/","title":{"rendered":"Deit Zitrone 12&#215;1,0 ltr."},"content":{"rendered":"","protected":false},"excerpt":{"rendered":"<p>DEIT Zitrone verf\u00fchrt zum Tr\u00e4umen vom S\u00fcden und dem Land, wo die Zitronen bl\u00fchen. Feinherbe Fruchtigkeit, prickelndes Mineralwasser und viele Vitamine \u2013 ganz ohne \u00fcberfl\u00fcssige Kalorien. Die perfekte Mischung f\u00fcr figurbewusste Genie\u00dfer!<\/p>\n<ul>\n<li><strong>Gebinde:<\/strong> 12 x 1,0l Einwegflaschen (PET) im Kasten<\/li>\n<li><strong>Alkoholgehalt:<\/strong> <\/li>\n<li><strong>Stammw\u00fcrze:<\/strong> <\/li>\n<li><strong>Kcal:<\/strong> 3 \/ 100 ml<\/li>\n<li><strong>Zutaten:<\/strong> Nat\u00fcrliches Mineralwasser, Kohlens\u00e4ure, Zitronen- und Orangensaftkonzentrat, konzentrierter Zitronenextrakt, S\u00e4uerungsmittel Citronens\u00e4ure, S\u00fc\u00dfungsmittel Natriumcyclamat, Acesulfam K, Aspartam und Natriumsaccharin, Vitaminmischung (Vitamin C, Vitamin E, Niacin, Pantothenat, Vitamin B6, Fols\u00e4ure, Vitamin B12), nat\u00fcrliches Citrusaroma, Stabilisatoren Guarkernmehl und Pektin.<\/li>\n<\/ul>\n<h6><span style='color: #808080'>F\u00fcr die vorstehenden Angaben wird keine Haftung \u00fcbernommen. Bitte pr\u00fcfen Sie im Einzelfall die Angaben auf der jeweiligen Produktverpackung, nur diese sind verbindlich. Das Produktdesign kann von der Abbildung abweichen.<\/span><\/h6>\n","protected":false},"featured_media":367,"template":"","meta":[],"product_brand":[],"product_cat":[26,73],"product_tag":[],"class_list":{"0":"post-506","1":"product","2":"type-product","3":"status-publish","4":"has-post-thumbnail","6":"product_cat-alkoholfreie-getraenke","7":"product_cat-limonade","8":"product_deptype-3-3","10":"first","11":"instock","12":"taxable","13":"shipping-taxable","14":"purchasable","15":"product-type-simple"},"_links":{"self":[{"href":"https:\/\/getraenke-rieden.de\/wp571\/wp-json\/wp\/v2\/product\/506","targetHints":{"allow":["GET"]}}],"collection":[{"href":"https:\/\/getraenke-rieden.de\/wp571\/wp-json\/wp\/v2\/product"}],"about":[{"href":"https:\/\/getraenke-rieden.de\/wp571\/wp-json\/wp\/v2\/types\/product"}],"wp:featuredmedia":[{"embeddable":true,"href":"https:\/\/getraenke-rieden.de\/wp571\/wp-json\/wp\/v2\/media\/367"}],"wp:attachment":[{"href":"https:\/\/getraenke-rieden.de\/wp571\/wp-json\/wp\/v2\/media?parent=506"}],"wp:term":[{"taxonomy":"product_brand","embeddable":true,"href":"https:\/\/getraenke-rieden.de\/wp571\/wp-json\/wp\/v2\/product_brand?post=506"},{"taxonomy":"product_cat","embeddable":true,"href":"https:\/\/getraenke-rieden.de\/wp571\/wp-json\/wp\/v2\/product_cat?post=506"},{"taxonomy":"product_tag","embeddable":true,"href":"https:\/\/getraenke-rieden.de\/wp571\/wp-json\/wp\/v2\/product_tag?post=506"}],"curies":[{"name":"wp","href":"https:\/\/api.w.org\/{rel}","templated":true}]}}