{"id":499,"date":"2022-03-18T07:48:22","date_gmt":"2022-03-18T06:48:22","guid":{"rendered":"https:\/\/getraenke-rieden.de\/wp571\/produkt\/bionade-holunder-12x033-ltr\/"},"modified":"2023-09-12T22:42:55","modified_gmt":"2023-09-12T20:42:55","slug":"bionade-holunder-12x033-ltr","status":"publish","type":"product","link":"https:\/\/getraenke-rieden.de\/wp571\/produkt\/bionade-holunder-12x033-ltr\/","title":{"rendered":"Bionade Holunder 12&#215;0,33 ltr."},"content":{"rendered":"","protected":false},"excerpt":{"rendered":"<p>Bionade Holunder. Biologisches Erfrischungsgetr\u00e4nk hergestellt durch Fermentation nat\u00fcrlicher Rohstoffe. Angenehm erfrischend, richtig sch\u00f6n fruchtig-herb und bewusst weniger s\u00fc\u00df.<\/p>\n<ul>\n<li><strong>Gebinde:<\/strong> 24 x 0,33l Mehrwegflaschen (Glas) im Kasten<\/li>\n<li><strong>Alkoholgehalt:<\/strong> <\/li>\n<li><strong>Stammw\u00fcrze:<\/strong> <\/li>\n<li><strong>Kcal:<\/strong> 22 \/ 100 ml<\/li>\n<li><strong>Zutaten:<\/strong> Wasser , Zucker* , GERSTENmalz*, Holunderbeerensaft (1,7%) aus Holunderbeerensaftkonzentrat*, Kohlens\u00e4ure , nat\u00fcrliches Apfelsaft-, Orangen-, Blutorangen-Aroma*, S\u00e4ureregulatoren Calcium- und Magnesiumcarbonat , *aus kontrolliert biologischem Anbau.<\/li>\n<\/ul>\n<h6><span style='color: #808080'>F\u00fcr die vorstehenden Angaben wird keine Haftung \u00fcbernommen. Bitte pr\u00fcfen Sie im Einzelfall die Angaben auf der jeweiligen Produktverpackung, nur diese sind verbindlich. Das Produktdesign kann von der Abbildung abweichen.<\/span><\/h6>\n","protected":false},"featured_media":367,"template":"","meta":[],"product_brand":[],"product_cat":[26,73],"product_tag":[],"class_list":{"0":"post-499","1":"product","2":"type-product","3":"status-publish","4":"has-post-thumbnail","6":"product_cat-alkoholfreie-getraenke","7":"product_cat-limonade","8":"product_deptype-3-3","10":"first","11":"instock","12":"taxable","13":"shipping-taxable","14":"purchasable","15":"product-type-simple"},"_links":{"self":[{"href":"https:\/\/getraenke-rieden.de\/wp571\/wp-json\/wp\/v2\/product\/499","targetHints":{"allow":["GET"]}}],"collection":[{"href":"https:\/\/getraenke-rieden.de\/wp571\/wp-json\/wp\/v2\/product"}],"about":[{"href":"https:\/\/getraenke-rieden.de\/wp571\/wp-json\/wp\/v2\/types\/product"}],"wp:featuredmedia":[{"embeddable":true,"href":"https:\/\/getraenke-rieden.de\/wp571\/wp-json\/wp\/v2\/media\/367"}],"wp:attachment":[{"href":"https:\/\/getraenke-rieden.de\/wp571\/wp-json\/wp\/v2\/media?parent=499"}],"wp:term":[{"taxonomy":"product_brand","embeddable":true,"href":"https:\/\/getraenke-rieden.de\/wp571\/wp-json\/wp\/v2\/product_brand?post=499"},{"taxonomy":"product_cat","embeddable":true,"href":"https:\/\/getraenke-rieden.de\/wp571\/wp-json\/wp\/v2\/product_cat?post=499"},{"taxonomy":"product_tag","embeddable":true,"href":"https:\/\/getraenke-rieden.de\/wp571\/wp-json\/wp\/v2\/product_tag?post=499"}],"curies":[{"name":"wp","href":"https:\/\/api.w.org\/{rel}","templated":true}]}}