{"id":495,"date":"2022-03-18T07:48:22","date_gmt":"2022-03-18T06:48:22","guid":{"rendered":"https:\/\/getraenke-rieden.de\/wp571\/produkt\/st-leonhardsquelle-medium-6x1-ltr\/"},"modified":"2022-08-01T23:38:06","modified_gmt":"2022-08-01T21:38:06","slug":"st-leonhardsquelle-medium-6x1-ltr","status":"publish","type":"product","link":"https:\/\/getraenke-rieden.de\/wp571\/produkt\/st-leonhardsquelle-medium-6x1-ltr\/","title":{"rendered":"St. Leonhardsquelle, Medium 6&#215;1, ltr."},"content":{"rendered":"","protected":false},"excerpt":{"rendered":"<p>Nat\u00fcrliches Mineralwasser, 1 Liter -medium- mit nat\u00fcrlicher Quell-Kohlens\u00e4ure. T\u00e4gliche Abf\u00fcllung am Quellort Bad Leonhardspfunzen, Stephanskirchen.<\/p>\n<ul>\n<li><strong>Gebinde:<\/strong> 6 x 1,0l Mehrwegflaschen (Glas) im Kasten<\/li>\n<li><strong>Alkoholgehalt:<\/strong> <\/li>\n<li><strong>Stammw\u00fcrze:<\/strong> <\/li>\n<li><strong>Kcal:<\/strong> <\/li>\n<li><strong>Zutaten:<\/strong> <\/li>\n<\/ul>\n<h6><span style='color: #808080'>F\u00fcr die vorstehenden Angaben wird keine Haftung \u00fcbernommen. Bitte pr\u00fcfen Sie im Einzelfall die Angaben auf der jeweiligen Produktverpackung, nur diese sind verbindlich. Das Produktdesign kann von der Abbildung abweichen.<\/span><\/h6>\n","protected":false},"featured_media":367,"template":"","meta":[],"product_brand":[],"product_cat":[26,84,28],"product_tag":[],"class_list":{"0":"post-495","1":"product","2":"type-product","3":"status-publish","4":"has-post-thumbnail","6":"product_cat-alkoholfreie-getraenke","7":"product_cat-medium","8":"product_cat-mineralwasser","9":"product_deptype-2-4","11":"first","12":"instock","13":"taxable","14":"shipping-taxable","15":"purchasable","16":"product-type-simple"},"_links":{"self":[{"href":"https:\/\/getraenke-rieden.de\/wp571\/wp-json\/wp\/v2\/product\/495","targetHints":{"allow":["GET"]}}],"collection":[{"href":"https:\/\/getraenke-rieden.de\/wp571\/wp-json\/wp\/v2\/product"}],"about":[{"href":"https:\/\/getraenke-rieden.de\/wp571\/wp-json\/wp\/v2\/types\/product"}],"wp:featuredmedia":[{"embeddable":true,"href":"https:\/\/getraenke-rieden.de\/wp571\/wp-json\/wp\/v2\/media\/367"}],"wp:attachment":[{"href":"https:\/\/getraenke-rieden.de\/wp571\/wp-json\/wp\/v2\/media?parent=495"}],"wp:term":[{"taxonomy":"product_brand","embeddable":true,"href":"https:\/\/getraenke-rieden.de\/wp571\/wp-json\/wp\/v2\/product_brand?post=495"},{"taxonomy":"product_cat","embeddable":true,"href":"https:\/\/getraenke-rieden.de\/wp571\/wp-json\/wp\/v2\/product_cat?post=495"},{"taxonomy":"product_tag","embeddable":true,"href":"https:\/\/getraenke-rieden.de\/wp571\/wp-json\/wp\/v2\/product_tag?post=495"}],"curies":[{"name":"wp","href":"https:\/\/api.w.org\/{rel}","templated":true}]}}