{"id":484,"date":"2022-03-18T07:48:21","date_gmt":"2022-03-18T06:48:21","guid":{"rendered":"https:\/\/getraenke-rieden.de\/wp571\/produkt\/acqua-panna-24x025-ltr\/"},"modified":"2025-06-26T22:19:44","modified_gmt":"2025-06-26T20:19:44","slug":"acqua-panna-24x025-ltr","status":"publish","type":"product","link":"https:\/\/getraenke-rieden.de\/wp571\/produkt\/acqua-panna-24x025-ltr\/","title":{"rendered":"Acqua Panna 24&#215;0,25 ltr."},"content":{"rendered":"","protected":false},"excerpt":{"rendered":"<p>Wie kein zweites stilles Wasser wertet Acqua Panna Getr\u00e4nke und Gerichte auf, unterstreicht deren feinste Nuancen. Acqua Panna steht f\u00fcr das authentisch intalienische Lebensgef\u00fchl. Es garantiert h\u00f6chste Qualit\u00e4t aus dem Naturschutzgebiet Panna. Sein geschmeidig-dezenter Geschmack und die geringe Mineralisation machen Acqua Panna zu einem der leichtesten Mineralwasser \u00fcberhaupt.<\/p>\n<ul>\n<li><strong>Gebinde:<\/strong> 24 x 0,25l Mehrwegflaschen (Glas) im Kasten<\/li>\n<li><strong>Alkoholgehalt:<\/strong> <\/li>\n<li><strong>Stammw\u00fcrze:<\/strong> <\/li>\n<li><strong>Kcal:<\/strong> <\/li>\n<li><strong>Zutaten:<\/strong> <\/li>\n<\/ul>\n<h6><span style='color: #808080'>F\u00fcr die vorstehenden Angaben wird keine Haftung \u00fcbernommen. Bitte pr\u00fcfen Sie im Einzelfall die Angaben auf der jeweiligen Produktverpackung, nur diese sind verbindlich. Das Produktdesign kann von der Abbildung abweichen.<\/span><\/h6>\n","protected":false},"featured_media":367,"template":"","meta":[],"product_brand":[],"product_cat":[26,28],"product_tag":[],"class_list":{"0":"post-484","1":"product","2":"type-product","3":"status-publish","4":"has-post-thumbnail","6":"product_cat-alkoholfreie-getraenke","7":"product_cat-mineralwasser","8":"product_deptype-5-1","10":"first","11":"instock","12":"taxable","13":"shipping-taxable","14":"purchasable","15":"product-type-simple"},"_links":{"self":[{"href":"https:\/\/getraenke-rieden.de\/wp571\/wp-json\/wp\/v2\/product\/484","targetHints":{"allow":["GET"]}}],"collection":[{"href":"https:\/\/getraenke-rieden.de\/wp571\/wp-json\/wp\/v2\/product"}],"about":[{"href":"https:\/\/getraenke-rieden.de\/wp571\/wp-json\/wp\/v2\/types\/product"}],"wp:featuredmedia":[{"embeddable":true,"href":"https:\/\/getraenke-rieden.de\/wp571\/wp-json\/wp\/v2\/media\/367"}],"wp:attachment":[{"href":"https:\/\/getraenke-rieden.de\/wp571\/wp-json\/wp\/v2\/media?parent=484"}],"wp:term":[{"taxonomy":"product_brand","embeddable":true,"href":"https:\/\/getraenke-rieden.de\/wp571\/wp-json\/wp\/v2\/product_brand?post=484"},{"taxonomy":"product_cat","embeddable":true,"href":"https:\/\/getraenke-rieden.de\/wp571\/wp-json\/wp\/v2\/product_cat?post=484"},{"taxonomy":"product_tag","embeddable":true,"href":"https:\/\/getraenke-rieden.de\/wp571\/wp-json\/wp\/v2\/product_tag?post=484"}],"curies":[{"name":"wp","href":"https:\/\/api.w.org\/{rel}","templated":true}]}}