{"id":482,"date":"2022-03-18T07:48:21","date_gmt":"2022-03-18T06:48:21","guid":{"rendered":"https:\/\/getraenke-rieden.de\/wp571\/produkt\/volvic-touch-rote-fruechte-6x15-ltr\/"},"modified":"2022-04-01T16:34:18","modified_gmt":"2022-04-01T14:34:18","slug":"volvic-touch-rote-fruechte-6x15-ltr","status":"publish","type":"product","link":"https:\/\/getraenke-rieden.de\/wp571\/produkt\/volvic-touch-rote-fruechte-6x15-ltr\/","title":{"rendered":"Volvic Touch Rote Fr\u00fcchte 6&#215;1,5 ltr."},"content":{"rendered":"","protected":false},"excerpt":{"rendered":"<p>Wir kennen da einen treuen Begleiter mit dem Geschmack nach Erdbeeren, Himbeeren und Brombeeren, der Dir nicht mehr von der Seite weichen wird.<\/p>\n<ul>\n<li><strong>Gebinde:<\/strong> 6 x 1,5l Einwegflaschen (PET) im Pack<\/li>\n<li><strong>Alkoholgehalt:<\/strong> <\/li>\n<li><strong>Stammw\u00fcrze:<\/strong> <\/li>\n<li><strong>Kcal:<\/strong> 10 \/ 100 ml<\/li>\n<li><strong>Zutaten:<\/strong> Nat\u00fcrliches Mineralwasser Volvic (98%), Zucker, S\u00e4uerungsmittel: Citronens\u00e4ure, nat\u00fcrliches Aroma<\/li>\n<\/ul>\n<h6><span style='color: #808080'>F\u00fcr die vorstehenden Angaben wird keine Haftung \u00fcbernommen. Bitte pr\u00fcfen Sie im Einzelfall die Angaben auf der jeweiligen Produktverpackung, nur diese sind verbindlich. Das Produktdesign kann von der Abbildung abweichen.<\/span><\/h6>\n","protected":false},"featured_media":367,"template":"","meta":[],"product_brand":[],"product_cat":[26,28,85],"product_tag":[],"class_list":{"0":"post-482","1":"product","2":"type-product","3":"status-publish","4":"has-post-thumbnail","6":"product_cat-alkoholfreie-getraenke","7":"product_cat-mineralwasser","8":"product_cat-still","9":"product_deptype-3-0","11":"first","12":"instock","13":"taxable","14":"shipping-taxable","15":"purchasable","16":"product-type-simple"},"_links":{"self":[{"href":"https:\/\/getraenke-rieden.de\/wp571\/wp-json\/wp\/v2\/product\/482","targetHints":{"allow":["GET"]}}],"collection":[{"href":"https:\/\/getraenke-rieden.de\/wp571\/wp-json\/wp\/v2\/product"}],"about":[{"href":"https:\/\/getraenke-rieden.de\/wp571\/wp-json\/wp\/v2\/types\/product"}],"wp:featuredmedia":[{"embeddable":true,"href":"https:\/\/getraenke-rieden.de\/wp571\/wp-json\/wp\/v2\/media\/367"}],"wp:attachment":[{"href":"https:\/\/getraenke-rieden.de\/wp571\/wp-json\/wp\/v2\/media?parent=482"}],"wp:term":[{"taxonomy":"product_brand","embeddable":true,"href":"https:\/\/getraenke-rieden.de\/wp571\/wp-json\/wp\/v2\/product_brand?post=482"},{"taxonomy":"product_cat","embeddable":true,"href":"https:\/\/getraenke-rieden.de\/wp571\/wp-json\/wp\/v2\/product_cat?post=482"},{"taxonomy":"product_tag","embeddable":true,"href":"https:\/\/getraenke-rieden.de\/wp571\/wp-json\/wp\/v2\/product_tag?post=482"}],"curies":[{"name":"wp","href":"https:\/\/api.w.org\/{rel}","templated":true}]}}