{"id":481,"date":"2022-03-18T07:48:21","date_gmt":"2022-03-18T06:48:21","guid":{"rendered":"https:\/\/getraenke-rieden.de\/wp571\/produkt\/volvic-gruener-tee-zitrone-6x15-ltr\/"},"modified":"2022-04-18T20:07:05","modified_gmt":"2022-04-18T18:07:05","slug":"volvic-gruener-tee-zitrone-6x15-ltr","status":"publish","type":"product","link":"https:\/\/getraenke-rieden.de\/wp571\/produkt\/volvic-gruener-tee-zitrone-6x15-ltr\/","title":{"rendered":"Volvic Gr\u00fcner Tee Zitrone 6&#215;1,5 ltr."},"content":{"rendered":"","protected":false},"excerpt":{"rendered":"<p>Sauer macht lustig. Und unser Volvic Tee Zitrone macht nicht nur lustig, sondern ist auch einfach unwiderstehlich lecker. Genie\u00df den Erfrischungskick auf Basis von nat\u00fcrlichem Volvic Mineralwasser und Zitronengeschmack.<\/p>\n<ul>\n<li><strong>Gebinde:<\/strong> 6 x 1,5l Einwegflaschen (PET) im Pack<\/li>\n<li><strong>Alkoholgehalt:<\/strong><\/li>\n<li><strong>Stammw\u00fcrze:<\/strong><\/li>\n<li><strong>Kcal:<\/strong> 15 \/ 100 ml<\/li>\n<li><strong>Zutaten:<\/strong> Inhaltsstoffe: Nat\u00fcrliches Mineralwasser von Volvic 95,9%, Zucker, nat\u00fcrliches Aroma, S\u00e4uerungsmittel Citronens\u00e4ure, Tee-Extrakt, Konservierungsstoffe Kaliumbenzoat und Kaliumsorbat.<\/li>\n<\/ul>\n<h6><span style=\"color: #808080\">F\u00fcr die vorstehenden Angaben wird keine Haftung \u00fcbernommen. Bitte pr\u00fcfen Sie im Einzelfall die Angaben auf der jeweiligen Produktverpackung, nur diese sind verbindlich. Das Produktdesign kann von der Abbildung abweichen.<\/span><\/h6>\n","protected":false},"featured_media":367,"template":"","meta":[],"product_brand":[],"product_cat":[26,72],"product_tag":[],"class_list":{"0":"post-481","1":"product","2":"type-product","3":"status-publish","4":"has-post-thumbnail","6":"product_cat-alkoholfreie-getraenke","7":"product_cat-eistee","8":"product_deptype-3-0","10":"first","11":"instock","12":"taxable","13":"shipping-taxable","14":"purchasable","15":"product-type-simple"},"_links":{"self":[{"href":"https:\/\/getraenke-rieden.de\/wp571\/wp-json\/wp\/v2\/product\/481","targetHints":{"allow":["GET"]}}],"collection":[{"href":"https:\/\/getraenke-rieden.de\/wp571\/wp-json\/wp\/v2\/product"}],"about":[{"href":"https:\/\/getraenke-rieden.de\/wp571\/wp-json\/wp\/v2\/types\/product"}],"wp:featuredmedia":[{"embeddable":true,"href":"https:\/\/getraenke-rieden.de\/wp571\/wp-json\/wp\/v2\/media\/367"}],"wp:attachment":[{"href":"https:\/\/getraenke-rieden.de\/wp571\/wp-json\/wp\/v2\/media?parent=481"}],"wp:term":[{"taxonomy":"product_brand","embeddable":true,"href":"https:\/\/getraenke-rieden.de\/wp571\/wp-json\/wp\/v2\/product_brand?post=481"},{"taxonomy":"product_cat","embeddable":true,"href":"https:\/\/getraenke-rieden.de\/wp571\/wp-json\/wp\/v2\/product_cat?post=481"},{"taxonomy":"product_tag","embeddable":true,"href":"https:\/\/getraenke-rieden.de\/wp571\/wp-json\/wp\/v2\/product_tag?post=481"}],"curies":[{"name":"wp","href":"https:\/\/api.w.org\/{rel}","templated":true}]}}