{"id":480,"date":"2022-03-18T07:48:21","date_gmt":"2022-03-18T06:48:21","guid":{"rendered":"https:\/\/getraenke-rieden.de\/wp571\/produkt\/volvic-naturelle-6x15-ltr\/"},"modified":"2025-11-27T14:50:58","modified_gmt":"2025-11-27T13:50:58","slug":"volvic-naturelle-6x15-ltr","status":"publish","type":"product","link":"https:\/\/getraenke-rieden.de\/wp571\/produkt\/volvic-naturelle-6x15-ltr\/","title":{"rendered":"Volvic Naturelle 6&#215;1,5 ltr."},"content":{"rendered":"","protected":false},"excerpt":{"rendered":"<p>Volvic Naturelle stammt aus einem der gr\u00f6\u00dften Naturschutzgebiete Europas. \u00dcber Jahre hinweg wird es durch sechs vulkanische Gesteinsschichten gefiltert.<\/p>\n<ul>\n<li><strong>Gebinde:<\/strong> 6 x 1,5l Einwegflaschen (PET) im Pack<\/li>\n<li><strong>Alkoholgehalt:<\/strong><\/li>\n<li><strong>Stammw\u00fcrze:<\/strong><\/li>\n<li><strong>Kcal:<\/strong><\/li>\n<li><strong>Zutaten:<\/strong><\/li>\n<\/ul>\n<h6><span style=\"color: #808080;\">F\u00fcr die vorstehenden Angaben wird keine Haftung \u00fcbernommen. Bitte pr\u00fcfen Sie im Einzelfall die Angaben auf der jeweiligen Produktverpackung, nur diese sind verbindlich. Das Produktdesign kann von der Abbildung abweichen.<\/span><\/h6>\n","protected":false},"featured_media":367,"template":"","meta":[],"product_brand":[],"product_cat":[26,28,85],"product_tag":[],"class_list":{"0":"post-480","1":"product","2":"type-product","3":"status-publish","4":"has-post-thumbnail","6":"product_cat-alkoholfreie-getraenke","7":"product_cat-mineralwasser","8":"product_cat-still","9":"product_deptype-3-0","11":"first","12":"instock","13":"taxable","14":"shipping-taxable","15":"purchasable","16":"product-type-simple"},"_links":{"self":[{"href":"https:\/\/getraenke-rieden.de\/wp571\/wp-json\/wp\/v2\/product\/480","targetHints":{"allow":["GET"]}}],"collection":[{"href":"https:\/\/getraenke-rieden.de\/wp571\/wp-json\/wp\/v2\/product"}],"about":[{"href":"https:\/\/getraenke-rieden.de\/wp571\/wp-json\/wp\/v2\/types\/product"}],"wp:featuredmedia":[{"embeddable":true,"href":"https:\/\/getraenke-rieden.de\/wp571\/wp-json\/wp\/v2\/media\/367"}],"wp:attachment":[{"href":"https:\/\/getraenke-rieden.de\/wp571\/wp-json\/wp\/v2\/media?parent=480"}],"wp:term":[{"taxonomy":"product_brand","embeddable":true,"href":"https:\/\/getraenke-rieden.de\/wp571\/wp-json\/wp\/v2\/product_brand?post=480"},{"taxonomy":"product_cat","embeddable":true,"href":"https:\/\/getraenke-rieden.de\/wp571\/wp-json\/wp\/v2\/product_cat?post=480"},{"taxonomy":"product_tag","embeddable":true,"href":"https:\/\/getraenke-rieden.de\/wp571\/wp-json\/wp\/v2\/product_tag?post=480"}],"curies":[{"name":"wp","href":"https:\/\/api.w.org\/{rel}","templated":true}]}}