{"id":460,"date":"2022-03-10T13:37:18","date_gmt":"2022-03-10T12:37:18","guid":{"rendered":"https:\/\/getraenke-rieden.de\/wp571\/produkt\/augustiner-hefe-20x05-ltr\/"},"modified":"2022-03-11T13:02:24","modified_gmt":"2022-03-11T12:02:24","slug":"augustiner-hefe-20x05-ltr","status":"publish","type":"product","link":"https:\/\/getraenke-rieden.de\/wp571\/produkt\/augustiner-hefe-20x05-ltr\/","title":{"rendered":"Augustiner Hefe 20&#215;0,5 ltr."},"content":{"rendered":"","protected":false},"excerpt":{"rendered":"<p>Das bernsteinfarbene Hefewei\u00dfbier, nach altbew\u00e4hrten Verfahren aus sorgf\u00e4ltigst ausgew\u00e4hlten Rohstoffen gebraut. In Flascheng\u00e4rung, bis zur vollen Spitzenreife in den Brauereigew\u00f6lbekellern gelagert und sorgsam gepflegt, erh\u00e4lt dieses Bier seinen feinw\u00fcrzigen Geschmack.<\/p>\n<ul>\n<li><strong>Gebinde:<\/strong> 20 x 0,5l Mehrwegflaschen im Kasten<\/li>\n<li><strong>Alkoholgehalt:<\/strong> 5,4%<\/li>\n<li><strong>Stammw\u00fcrze:<\/strong> 12,80<\/li>\n<li><strong>Kcal:<\/strong> <\/li>\n<li><strong>Zutaten:<\/strong> Wasser, WEIZENMALZ, GERSTENMALZ, Hopfen, Hefe<\/li>\n<\/ul>\n<h6><span style='color: #808080'>F\u00fcr die vorstehenden Angaben wird keine Haftung \u00fcbernommen. Bitte pr\u00fcfen Sie im Einzelfall die Angaben auf der jeweiligen Produktverpackung, nur diese sind verbindlich. Das Produktdesign kann von der Abbildung abweichen.<\/span><\/h6>\n","protected":false},"featured_media":367,"template":"","meta":[],"product_brand":[],"product_cat":[19,20,62],"product_tag":[],"class_list":{"0":"post-460","1":"product","2":"type-product","3":"status-publish","4":"has-post-thumbnail","6":"product_cat-alkoholische-getraenke","7":"product_cat-bier","8":"product_cat-weizen","9":"product_deptype-3-10","11":"first","12":"instock","13":"taxable","14":"shipping-taxable","15":"purchasable","16":"product-type-simple"},"_links":{"self":[{"href":"https:\/\/getraenke-rieden.de\/wp571\/wp-json\/wp\/v2\/product\/460","targetHints":{"allow":["GET"]}}],"collection":[{"href":"https:\/\/getraenke-rieden.de\/wp571\/wp-json\/wp\/v2\/product"}],"about":[{"href":"https:\/\/getraenke-rieden.de\/wp571\/wp-json\/wp\/v2\/types\/product"}],"wp:featuredmedia":[{"embeddable":true,"href":"https:\/\/getraenke-rieden.de\/wp571\/wp-json\/wp\/v2\/media\/367"}],"wp:attachment":[{"href":"https:\/\/getraenke-rieden.de\/wp571\/wp-json\/wp\/v2\/media?parent=460"}],"wp:term":[{"taxonomy":"product_brand","embeddable":true,"href":"https:\/\/getraenke-rieden.de\/wp571\/wp-json\/wp\/v2\/product_brand?post=460"},{"taxonomy":"product_cat","embeddable":true,"href":"https:\/\/getraenke-rieden.de\/wp571\/wp-json\/wp\/v2\/product_cat?post=460"},{"taxonomy":"product_tag","embeddable":true,"href":"https:\/\/getraenke-rieden.de\/wp571\/wp-json\/wp\/v2\/product_tag?post=460"}],"curies":[{"name":"wp","href":"https:\/\/api.w.org\/{rel}","templated":true}]}}