{"id":454,"date":"2022-03-10T13:37:17","date_gmt":"2022-03-10T12:37:17","guid":{"rendered":"https:\/\/getraenke-rieden.de\/wp571\/produkt\/welde-naturradler-4x6x033-ltr\/"},"modified":"2023-09-12T22:51:46","modified_gmt":"2023-09-12T20:51:46","slug":"welde-naturradler-4x6x033-ltr","status":"publish","type":"product","link":"https:\/\/getraenke-rieden.de\/wp571\/produkt\/welde-naturradler-4x6x033-ltr\/","title":{"rendered":"Welde Naturradler 4x6x0,33 ltr."},"content":{"rendered":"","protected":false},"excerpt":{"rendered":"<p>Das kr\u00e4ftig strohgelbe Welde Naturradler mit der feinen Naturtr\u00fcbung besteht jeweils zur H\u00e4lfte aus prickelnder Zitronenlimonade und aus dem Klassiker Welde No1 Slow Beer Pils. Unter Verwendung ausschlie\u00dflich nat\u00fcrlicher Zutaten erg\u00e4nzt s\u00e4uerliche Zitrusaromatik den milden Hopfen und bietet nicht nur w\u00e4hrend der warmen Sommertage eine fruchtige Erfrischung. Der Biermix aus der tanzenden Kultflasche.<\/p>\n<ul>\n<li><strong>Gebinde:<\/strong> 4 (Pack) x 6 x 0,33l Mehrwegflaschen im Kasten<\/li>\n<li><strong>Alkoholgehalt:<\/strong> 2,4%<\/li>\n<li><strong>Stammw\u00fcrze:<\/strong> k.a.<\/li>\n<li><strong>Kcal:<\/strong> 24 \/ 100 ml<\/li>\n<li><strong>Zutaten:<\/strong> Wasser, Hopfen, GERSTENMALZ, Zucker, nat\u00fcrliches Zitronenaroma, konzentrierter Zitronenextrakt, Antioxidationsmittel Ascorbins\u00e4ure, Zitronengrasextrakt, Stabilisator Johannisbrotkernmehl E 410<\/li>\n<\/ul>\n<h6><span style='color: #808080'>F\u00fcr die vorstehenden Angaben wird keine Haftung \u00fcbernommen. Bitte pr\u00fcfen Sie im Einzelfall die Angaben auf der jeweiligen Produktverpackung, nur diese sind verbindlich. Das Produktdesign kann von der Abbildung abweichen.<\/span><\/h6>\n","protected":false},"featured_media":367,"template":"","meta":[],"product_brand":[],"product_cat":[19,20,64],"product_tag":[],"class_list":{"0":"post-454","1":"product","2":"type-product","3":"status-publish","4":"has-post-thumbnail","6":"product_cat-alkoholische-getraenke","7":"product_cat-bier","8":"product_cat-radler","9":"product_deptype-3-42","11":"first","12":"instock","13":"taxable","14":"shipping-taxable","15":"purchasable","16":"product-type-simple"},"_links":{"self":[{"href":"https:\/\/getraenke-rieden.de\/wp571\/wp-json\/wp\/v2\/product\/454","targetHints":{"allow":["GET"]}}],"collection":[{"href":"https:\/\/getraenke-rieden.de\/wp571\/wp-json\/wp\/v2\/product"}],"about":[{"href":"https:\/\/getraenke-rieden.de\/wp571\/wp-json\/wp\/v2\/types\/product"}],"wp:featuredmedia":[{"embeddable":true,"href":"https:\/\/getraenke-rieden.de\/wp571\/wp-json\/wp\/v2\/media\/367"}],"wp:attachment":[{"href":"https:\/\/getraenke-rieden.de\/wp571\/wp-json\/wp\/v2\/media?parent=454"}],"wp:term":[{"taxonomy":"product_brand","embeddable":true,"href":"https:\/\/getraenke-rieden.de\/wp571\/wp-json\/wp\/v2\/product_brand?post=454"},{"taxonomy":"product_cat","embeddable":true,"href":"https:\/\/getraenke-rieden.de\/wp571\/wp-json\/wp\/v2\/product_cat?post=454"},{"taxonomy":"product_tag","embeddable":true,"href":"https:\/\/getraenke-rieden.de\/wp571\/wp-json\/wp\/v2\/product_tag?post=454"}],"curies":[{"name":"wp","href":"https:\/\/api.w.org\/{rel}","templated":true}]}}