{"id":451,"date":"2022-03-10T13:37:17","date_gmt":"2022-03-10T12:37:17","guid":{"rendered":"https:\/\/getraenke-rieden.de\/wp571\/produkt\/krombacher-alkoholfrei-24x033-ltr\/"},"modified":"2022-03-12T21:20:09","modified_gmt":"2022-03-12T20:20:09","slug":"krombacher-alkoholfrei-24x033-ltr","status":"publish","type":"product","link":"https:\/\/getraenke-rieden.de\/wp571\/produkt\/krombacher-alkoholfrei-24x033-ltr\/","title":{"rendered":"Krombacher alkoholfrei 24&#215;0,33 ltr."},"content":{"rendered":"","protected":false},"excerpt":{"rendered":"<p>Das Krombacher Pils Alkoholfrei ist ihr Begleiter in der aktiven Freizeit. Der erfrischend isotonische Durstl\u00f6scher \u00fcberzeugt Bierkenner mit seinem \u00e4u\u00dferst vollmundigen Geschmack.<\/p>\n<ul>\n<li><strong>Gebinde:<\/strong> 24 x 0,33l Mehrwegflaschen im Kasten<\/li>\n<li><strong>Alkoholgehalt:<\/strong> &lt; 0,5%<\/li>\n<li><strong>Stammw\u00fcrze:<\/strong> k.a.<\/li>\n<li><strong>Kcal:<\/strong> 26 \/ 100 ml<\/li>\n<li><strong>Zutaten:<\/strong> Wasser, GERSTENMALZ, G\u00e4rungskohlens\u00e4ure, Hopfen, Hopfenextrakt<\/li>\n<\/ul>\n<h6><span style='color: #808080'>F\u00fcr die vorstehenden Angaben wird keine Haftung \u00fcbernommen. Bitte pr\u00fcfen Sie im Einzelfall die Angaben auf der jeweiligen Produktverpackung, nur diese sind verbindlich. Das Produktdesign kann von der Abbildung abweichen.<\/span><\/h6>\n","protected":false},"featured_media":367,"template":"","meta":[],"product_brand":[],"product_cat":[52,26],"product_tag":[],"class_list":{"0":"post-451","1":"product","2":"type-product","3":"status-publish","4":"has-post-thumbnail","6":"product_cat-alkoholfreie-biere","7":"product_cat-alkoholfreie-getraenke","8":"product_deptype-3-42","10":"first","11":"instock","12":"taxable","13":"shipping-taxable","14":"purchasable","15":"product-type-simple"},"_links":{"self":[{"href":"https:\/\/getraenke-rieden.de\/wp571\/wp-json\/wp\/v2\/product\/451","targetHints":{"allow":["GET"]}}],"collection":[{"href":"https:\/\/getraenke-rieden.de\/wp571\/wp-json\/wp\/v2\/product"}],"about":[{"href":"https:\/\/getraenke-rieden.de\/wp571\/wp-json\/wp\/v2\/types\/product"}],"wp:featuredmedia":[{"embeddable":true,"href":"https:\/\/getraenke-rieden.de\/wp571\/wp-json\/wp\/v2\/media\/367"}],"wp:attachment":[{"href":"https:\/\/getraenke-rieden.de\/wp571\/wp-json\/wp\/v2\/media?parent=451"}],"wp:term":[{"taxonomy":"product_brand","embeddable":true,"href":"https:\/\/getraenke-rieden.de\/wp571\/wp-json\/wp\/v2\/product_brand?post=451"},{"taxonomy":"product_cat","embeddable":true,"href":"https:\/\/getraenke-rieden.de\/wp571\/wp-json\/wp\/v2\/product_cat?post=451"},{"taxonomy":"product_tag","embeddable":true,"href":"https:\/\/getraenke-rieden.de\/wp571\/wp-json\/wp\/v2\/product_tag?post=451"}],"curies":[{"name":"wp","href":"https:\/\/api.w.org\/{rel}","templated":true}]}}