{"id":449,"date":"2022-03-10T13:37:17","date_gmt":"2022-03-10T12:37:17","guid":{"rendered":"https:\/\/getraenke-rieden.de\/wp571\/produkt\/paulaner-weissbier-zitrone-20x05-ltr\/"},"modified":"2023-03-31T10:47:45","modified_gmt":"2023-03-31T08:47:45","slug":"paulaner-weissbier-zitrone-20x05-ltr","status":"publish","type":"product","link":"https:\/\/getraenke-rieden.de\/wp571\/produkt\/paulaner-weissbier-zitrone-20x05-ltr\/","title":{"rendered":"Paulaner Wei\u00dfbier Zitrone 20&#215;0,5 ltr."},"content":{"rendered":"","protected":false},"excerpt":{"rendered":"<p>Als \u201eRUSS\u201c hat dieser klassische Durstl\u00f6scher im bayerischen Biergarten schon lange seinen Stammplatz. Jetzt gibt es ihn fertig gemischt im genau richtigen Verh\u00e4ltnis von bestem Paulaner Hefe-Wei\u00dfbier und nat\u00fcrlicher Zitronenlimonade. Naturtr\u00fcb, mattgolden, zitronig herb-s\u00fc\u00dflich mit einem Hauch Mandarine. Man nehme Tradition, Genuss und Leichtigkeit \u2013 und schon erh\u00e4lt man das Lieblingsgetr\u00e4nk des Sommers. Eine herrliche Erfrischung und dabei vollkommen nat\u00fcrlich.<\/p>\n<ul>\n<li><strong>Gebinde:<\/strong> 20 x 0,5l Mehrwegflaschen im Kasten<\/li>\n<li><strong>Alkoholgehalt:<\/strong> 2,7%<\/li>\n<li><strong>Stammw\u00fcrze:<\/strong> 11,30<\/li>\n<li><strong>Kcal:<\/strong> 41 \/ 100 ml<\/li>\n<li><strong>Zutaten:<\/strong> Wei\u00dfbier (Wasser, Weizenmalz, Gerstenmalz, Hefe, Hopfen), Zitronenlimonade (Wasser, Zucker, Zitronensaft (3%)*, Orangensaft*, Limettensaft*, G\u00e4rungskohlens\u00e4ure, Acerolasaft*, nat\u00fcrliches Zitronenaroma mit anderen nat\u00fcrlichen Aromen, Stabilisator Johannisbrotkernmehl) *aus Fruchtsaftkonzentraten<\/li>\n<\/ul>\n<h6><span style='color: #808080'>F\u00fcr die vorstehenden Angaben wird keine Haftung \u00fcbernommen. Bitte pr\u00fcfen Sie im Einzelfall die Angaben auf der jeweiligen Produktverpackung, nur diese sind verbindlich. Das Produktdesign kann von der Abbildung abweichen.<\/span><\/h6>\n","protected":false},"featured_media":367,"template":"","meta":[],"product_brand":[],"product_cat":[19,20,64,62],"product_tag":[],"class_list":{"0":"post-449","1":"product","2":"type-product","3":"status-publish","4":"has-post-thumbnail","6":"product_cat-alkoholische-getraenke","7":"product_cat-bier","8":"product_cat-radler","9":"product_cat-weizen","10":"product_deptype-3-10","12":"first","13":"instock","14":"taxable","15":"shipping-taxable","16":"purchasable","17":"product-type-simple"},"_links":{"self":[{"href":"https:\/\/getraenke-rieden.de\/wp571\/wp-json\/wp\/v2\/product\/449","targetHints":{"allow":["GET"]}}],"collection":[{"href":"https:\/\/getraenke-rieden.de\/wp571\/wp-json\/wp\/v2\/product"}],"about":[{"href":"https:\/\/getraenke-rieden.de\/wp571\/wp-json\/wp\/v2\/types\/product"}],"wp:featuredmedia":[{"embeddable":true,"href":"https:\/\/getraenke-rieden.de\/wp571\/wp-json\/wp\/v2\/media\/367"}],"wp:attachment":[{"href":"https:\/\/getraenke-rieden.de\/wp571\/wp-json\/wp\/v2\/media?parent=449"}],"wp:term":[{"taxonomy":"product_brand","embeddable":true,"href":"https:\/\/getraenke-rieden.de\/wp571\/wp-json\/wp\/v2\/product_brand?post=449"},{"taxonomy":"product_cat","embeddable":true,"href":"https:\/\/getraenke-rieden.de\/wp571\/wp-json\/wp\/v2\/product_cat?post=449"},{"taxonomy":"product_tag","embeddable":true,"href":"https:\/\/getraenke-rieden.de\/wp571\/wp-json\/wp\/v2\/product_tag?post=449"}],"curies":[{"name":"wp","href":"https:\/\/api.w.org\/{rel}","templated":true}]}}