{"id":448,"date":"2022-03-10T13:37:17","date_gmt":"2022-03-10T12:37:17","guid":{"rendered":"https:\/\/getraenke-rieden.de\/wp571\/produkt\/jever-pilsener-24x033-ltr\/"},"modified":"2023-09-12T22:50:50","modified_gmt":"2023-09-12T20:50:50","slug":"jever-pilsener-24x033-ltr","status":"publish","type":"product","link":"https:\/\/getraenke-rieden.de\/wp571\/produkt\/jever-pilsener-24x033-ltr\/","title":{"rendered":"Jever Pilsener 24&#215;0,33 ltr."},"content":{"rendered":"","protected":false},"excerpt":{"rendered":"<p>Kaum ein anderes Premium Bier ist sich selbst so treu geblieben wie Jever. Seit nun 170 Jahren kultiviert Jever seinen ureigenen friesisch-herben Geschmack. Der besondere Mix aus bestem Brauwasser und qualitativ hochwertigen Hopfen macht unser Jever so friesisch-herb und erfrischend zugleich!<\/p>\n<ul>\n<li><strong>Gebinde:<\/strong> 24 x 0,33l Mehrwegflaschen im Kasten<\/li>\n<li><strong>Alkoholgehalt:<\/strong> 4,9%<\/li>\n<li><strong>Stammw\u00fcrze:<\/strong> 11,30<\/li>\n<li><strong>Kcal:<\/strong> 40 \/ 100 ml<\/li>\n<li><strong>Zutaten:<\/strong> Wasser, GERSTENMALZ, Hopfen<\/li>\n<\/ul>\n<h6><span style='color: #808080'>F\u00fcr die vorstehenden Angaben wird keine Haftung \u00fcbernommen. Bitte pr\u00fcfen Sie im Einzelfall die Angaben auf der jeweiligen Produktverpackung, nur diese sind verbindlich. Das Produktdesign kann von der Abbildung abweichen.<\/span><\/h6>\n","protected":false},"featured_media":367,"template":"","meta":[],"product_brand":[],"product_cat":[19,20,61],"product_tag":[],"class_list":{"0":"post-448","1":"product","2":"type-product","3":"status-publish","4":"has-post-thumbnail","6":"product_cat-alkoholische-getraenke","7":"product_cat-bier","8":"product_cat-pils","9":"product_deptype-3-42","11":"first","12":"instock","13":"taxable","14":"shipping-taxable","15":"purchasable","16":"product-type-simple"},"_links":{"self":[{"href":"https:\/\/getraenke-rieden.de\/wp571\/wp-json\/wp\/v2\/product\/448","targetHints":{"allow":["GET"]}}],"collection":[{"href":"https:\/\/getraenke-rieden.de\/wp571\/wp-json\/wp\/v2\/product"}],"about":[{"href":"https:\/\/getraenke-rieden.de\/wp571\/wp-json\/wp\/v2\/types\/product"}],"wp:featuredmedia":[{"embeddable":true,"href":"https:\/\/getraenke-rieden.de\/wp571\/wp-json\/wp\/v2\/media\/367"}],"wp:attachment":[{"href":"https:\/\/getraenke-rieden.de\/wp571\/wp-json\/wp\/v2\/media?parent=448"}],"wp:term":[{"taxonomy":"product_brand","embeddable":true,"href":"https:\/\/getraenke-rieden.de\/wp571\/wp-json\/wp\/v2\/product_brand?post=448"},{"taxonomy":"product_cat","embeddable":true,"href":"https:\/\/getraenke-rieden.de\/wp571\/wp-json\/wp\/v2\/product_cat?post=448"},{"taxonomy":"product_tag","embeddable":true,"href":"https:\/\/getraenke-rieden.de\/wp571\/wp-json\/wp\/v2\/product_tag?post=448"}],"curies":[{"name":"wp","href":"https:\/\/api.w.org\/{rel}","templated":true}]}}