{"id":447,"date":"2022-03-10T13:37:17","date_gmt":"2022-03-10T12:37:17","guid":{"rendered":"https:\/\/getraenke-rieden.de\/wp571\/produkt\/berliner-weisse-original-4x6x033-ltr\/"},"modified":"2023-03-31T10:47:55","modified_gmt":"2023-03-31T08:47:55","slug":"berliner-weisse-original-4x6x033-ltr","status":"publish","type":"product","link":"https:\/\/getraenke-rieden.de\/wp571\/produkt\/berliner-weisse-original-4x6x033-ltr\/","title":{"rendered":"Berliner Weisse Original 4x6x0,33 ltr."},"content":{"rendered":"","protected":false},"excerpt":{"rendered":"<p>Ein echtes Original: die Berliner Kindl Weisse. Charakteristisch hefetr\u00fcb und fein prickelnd, dabei herrlich frisch und leicht gehopft \u2013 das ist der spritzige Biergenuss aus der Hauptstadt. Die einzigartige Berliner Spezialit\u00e4t, seit Napoleons Zeiten auch \u201eChampagner des Nordens\u201c genannt, vereint Berliner Tradition mit jungem Flair.<\/p>\n<ul>\n<li><strong>Gebinde:<\/strong> 4 (Pack) x 6 x 0,33l Mehrwegflaschen im Kasten<\/li>\n<li><strong>Alkoholgehalt:<\/strong> 3,0%<\/li>\n<li><strong>Stammw\u00fcrze:<\/strong> 7,50<\/li>\n<li><strong>Kcal:<\/strong> 26 \/ 100 ml<\/li>\n<li><strong>Zutaten:<\/strong> Wasser, GERSTENMALZ, WEIZENMALZ, Hopfenextrakt, Hefe<\/li>\n<\/ul>\n<h6><span style='color: #808080'>F\u00fcr die vorstehenden Angaben wird keine Haftung \u00fcbernommen. Bitte pr\u00fcfen Sie im Einzelfall die Angaben auf der jeweiligen Produktverpackung, nur diese sind verbindlich. Das Produktdesign kann von der Abbildung abweichen.<\/span><\/h6>\n","protected":false},"featured_media":367,"template":"","meta":[],"product_brand":[],"product_cat":[19,20,62],"product_tag":[],"class_list":{"0":"post-447","1":"product","2":"type-product","3":"status-publish","4":"has-post-thumbnail","6":"product_cat-alkoholische-getraenke","7":"product_cat-bier","8":"product_cat-weizen","9":"product_deptype-3-42","11":"first","12":"instock","13":"taxable","14":"shipping-taxable","15":"purchasable","16":"product-type-simple"},"_links":{"self":[{"href":"https:\/\/getraenke-rieden.de\/wp571\/wp-json\/wp\/v2\/product\/447","targetHints":{"allow":["GET"]}}],"collection":[{"href":"https:\/\/getraenke-rieden.de\/wp571\/wp-json\/wp\/v2\/product"}],"about":[{"href":"https:\/\/getraenke-rieden.de\/wp571\/wp-json\/wp\/v2\/types\/product"}],"wp:featuredmedia":[{"embeddable":true,"href":"https:\/\/getraenke-rieden.de\/wp571\/wp-json\/wp\/v2\/media\/367"}],"wp:attachment":[{"href":"https:\/\/getraenke-rieden.de\/wp571\/wp-json\/wp\/v2\/media?parent=447"}],"wp:term":[{"taxonomy":"product_brand","embeddable":true,"href":"https:\/\/getraenke-rieden.de\/wp571\/wp-json\/wp\/v2\/product_brand?post=447"},{"taxonomy":"product_cat","embeddable":true,"href":"https:\/\/getraenke-rieden.de\/wp571\/wp-json\/wp\/v2\/product_cat?post=447"},{"taxonomy":"product_tag","embeddable":true,"href":"https:\/\/getraenke-rieden.de\/wp571\/wp-json\/wp\/v2\/product_tag?post=447"}],"curies":[{"name":"wp","href":"https:\/\/api.w.org\/{rel}","templated":true}]}}