{"id":442,"date":"2022-03-10T13:37:16","date_gmt":"2022-03-10T12:37:16","guid":{"rendered":"https:\/\/getraenke-rieden.de\/wp571\/produkt\/kilkenny-ale-mehrweg-4x6x033-ltr\/"},"modified":"2022-03-12T21:37:20","modified_gmt":"2022-03-12T20:37:20","slug":"kilkenny-ale-mehrweg-4x6x033-ltr","status":"publish","type":"product","link":"https:\/\/getraenke-rieden.de\/wp571\/produkt\/kilkenny-ale-mehrweg-4x6x033-ltr\/","title":{"rendered":"Kilkenny Ale (Mehrweg) 4x6x0,33 ltr."},"content":{"rendered":"","protected":false},"excerpt":{"rendered":"<p>Kilkenny &#8211; das \u201eOriginal Irish Ale&#8220; mit einzigartiger, irischer Tradition. Ein ausgewogenes Meisterst\u00fcck traditioneller irischer Braukunst. Das Kilkenny Irish Red Ale ist ein wahrhaft irisches Bier h\u00f6chster Qualit\u00e4t, das f\u00fcr das Lebensgef\u00fchl Irlands steht. Durch die Verwendung von speziell mild-ger\u00f6steter, irischer Gerste entsteht die charakteristische, rubinrote Farbe und das unvergleichliche Aroma: fruchtig-blumig, mit einem Hauch von Karamell und R\u00f6staromen.<\/p>\n<ul>\n<li><strong>Gebinde:<\/strong> 4 (Pack) x 6 x 0,33l Mehrwegflaschen im Kasten<\/li>\n<li><strong>Alkoholgehalt:<\/strong> 4,2%<\/li>\n<li><strong>Stammw\u00fcrze:<\/strong> 9,90<\/li>\n<li><strong>Kcal:<\/strong> 37 \/ 100 ml<\/li>\n<li><strong>Zutaten:<\/strong> Wasser, GERSTENMALZ, GERSTE, ger\u00f6stete GERSTE, Hopfen, Hopfenextrakt.<\/li>\n<\/ul>\n<h6><span style='color: #808080'>F\u00fcr die vorstehenden Angaben wird keine Haftung \u00fcbernommen. Bitte pr\u00fcfen Sie im Einzelfall die Angaben auf der jeweiligen Produktverpackung, nur diese sind verbindlich. Das Produktdesign kann von der Abbildung abweichen.<\/span><\/h6>\n","protected":false},"featured_media":367,"template":"","meta":[],"product_brand":[],"product_cat":[19,20],"product_tag":[],"class_list":{"0":"post-442","1":"product","2":"type-product","3":"status-publish","4":"has-post-thumbnail","6":"product_cat-alkoholische-getraenke","7":"product_cat-bier","8":"product_deptype-3-42","10":"first","11":"instock","12":"taxable","13":"shipping-taxable","14":"purchasable","15":"product-type-simple"},"_links":{"self":[{"href":"https:\/\/getraenke-rieden.de\/wp571\/wp-json\/wp\/v2\/product\/442","targetHints":{"allow":["GET"]}}],"collection":[{"href":"https:\/\/getraenke-rieden.de\/wp571\/wp-json\/wp\/v2\/product"}],"about":[{"href":"https:\/\/getraenke-rieden.de\/wp571\/wp-json\/wp\/v2\/types\/product"}],"wp:featuredmedia":[{"embeddable":true,"href":"https:\/\/getraenke-rieden.de\/wp571\/wp-json\/wp\/v2\/media\/367"}],"wp:attachment":[{"href":"https:\/\/getraenke-rieden.de\/wp571\/wp-json\/wp\/v2\/media?parent=442"}],"wp:term":[{"taxonomy":"product_brand","embeddable":true,"href":"https:\/\/getraenke-rieden.de\/wp571\/wp-json\/wp\/v2\/product_brand?post=442"},{"taxonomy":"product_cat","embeddable":true,"href":"https:\/\/getraenke-rieden.de\/wp571\/wp-json\/wp\/v2\/product_cat?post=442"},{"taxonomy":"product_tag","embeddable":true,"href":"https:\/\/getraenke-rieden.de\/wp571\/wp-json\/wp\/v2\/product_tag?post=442"}],"curies":[{"name":"wp","href":"https:\/\/api.w.org\/{rel}","templated":true}]}}