{"id":438,"date":"2022-03-10T13:37:16","date_gmt":"2022-03-10T12:37:16","guid":{"rendered":"https:\/\/getraenke-rieden.de\/wp571\/produkt\/corona-cerveza-mehrweg-24x0355-ltr\/"},"modified":"2025-06-26T22:21:33","modified_gmt":"2025-06-26T20:21:33","slug":"corona-cerveza-mehrweg-24x0355-ltr","status":"publish","type":"product","link":"https:\/\/getraenke-rieden.de\/wp571\/produkt\/corona-cerveza-mehrweg-24x0355-ltr\/","title":{"rendered":"Corona Cerveza (Mehrweg) 24&#215;0,355 ltr."},"content":{"rendered":"","protected":false},"excerpt":{"rendered":"<p>Corona zu trinken ist anders, als einfach nur Bier zu trinken. Kein anderes Bier sorgt zum Feierabend f\u00fcr dieses relaxte Gef\u00fchl von Strand und Sonne. Sowohl die malzig-s\u00fc\u00dfliche W\u00fcrze, als auch die elegante Mais- und Zitrusnote erwecken Erinnerungen an den letzten Urlaub am Meer. Corona sorgt f\u00fcr Beach Feeling pur im Alltag.<\/p>\n<ul>\n<li><strong>Gebinde:<\/strong> 24 x 0,355l Mehrwegflaschen im Kasten<\/li>\n<li><strong>Alkoholgehalt:<\/strong> 4,5%<\/li>\n<li><strong>Stammw\u00fcrze:<\/strong> k.a.<\/li>\n<li><strong>Kcal:<\/strong> 42 \/ 100 ml<\/li>\n<li><strong>Zutaten:<\/strong> Wasser, GERSTENMALZ, Mais, Hopfen<\/li>\n<\/ul>\n<h6><span style='color: #808080'>F\u00fcr die vorstehenden Angaben wird keine Haftung \u00fcbernommen. Bitte pr\u00fcfen Sie im Einzelfall die Angaben auf der jeweiligen Produktverpackung, nur diese sind verbindlich. Das Produktdesign kann von der Abbildung abweichen.<\/span><\/h6>\n","protected":false},"featured_media":367,"template":"","meta":[],"product_brand":[],"product_cat":[19,20],"product_tag":[],"class_list":{"0":"post-438","1":"product","2":"type-product","3":"status-publish","4":"has-post-thumbnail","6":"product_cat-alkoholische-getraenke","7":"product_cat-bier","8":"product_deptype-3-42","10":"first","11":"instock","12":"taxable","13":"shipping-taxable","14":"purchasable","15":"product-type-simple"},"_links":{"self":[{"href":"https:\/\/getraenke-rieden.de\/wp571\/wp-json\/wp\/v2\/product\/438","targetHints":{"allow":["GET"]}}],"collection":[{"href":"https:\/\/getraenke-rieden.de\/wp571\/wp-json\/wp\/v2\/product"}],"about":[{"href":"https:\/\/getraenke-rieden.de\/wp571\/wp-json\/wp\/v2\/types\/product"}],"wp:featuredmedia":[{"embeddable":true,"href":"https:\/\/getraenke-rieden.de\/wp571\/wp-json\/wp\/v2\/media\/367"}],"wp:attachment":[{"href":"https:\/\/getraenke-rieden.de\/wp571\/wp-json\/wp\/v2\/media?parent=438"}],"wp:term":[{"taxonomy":"product_brand","embeddable":true,"href":"https:\/\/getraenke-rieden.de\/wp571\/wp-json\/wp\/v2\/product_brand?post=438"},{"taxonomy":"product_cat","embeddable":true,"href":"https:\/\/getraenke-rieden.de\/wp571\/wp-json\/wp\/v2\/product_cat?post=438"},{"taxonomy":"product_tag","embeddable":true,"href":"https:\/\/getraenke-rieden.de\/wp571\/wp-json\/wp\/v2\/product_tag?post=438"}],"curies":[{"name":"wp","href":"https:\/\/api.w.org\/{rel}","templated":true}]}}