{"id":430,"date":"2022-03-10T13:37:16","date_gmt":"2022-03-10T12:37:16","guid":{"rendered":"https:\/\/getraenke-rieden.de\/wp571\/produkt\/paulaner-hefeweizen-zitrone-alkoholfrei-20x05-ltr\/"},"modified":"2022-03-12T21:31:56","modified_gmt":"2022-03-12T20:31:56","slug":"paulaner-hefeweizen-zitrone-alkoholfrei-20x05-ltr","status":"publish","type":"product","link":"https:\/\/getraenke-rieden.de\/wp571\/produkt\/paulaner-hefeweizen-zitrone-alkoholfrei-20x05-ltr\/","title":{"rendered":"Paulaner Hefeweizen Zitrone alkoholfrei 20&#215;0,5 ltr."},"content":{"rendered":"","protected":false},"excerpt":{"rendered":"<p>Ab sofort gibt es das beliebte Wei\u00dfbier-Zitrone Alkoholfrei mit 0,0 % Alkohol. Dabei \u00fcberzeugt unser \u201eWei-Zi\u201c weiterhin mit seinem fruchtig-herben Geschmack und ist damit die perfekte Erfrischung f\u00fcr zwischendurch. Dank der harmonischen Kombination aus Paulaner Wei\u00dfbier 0,0 % und nat\u00fcrlicher Zitronenlimonade verbindet unser Durstl\u00f6scher feine Zitrusnoten mit erfrischend-fruchtigen Wei\u00dfbieraromen. Angenehm s\u00fc\u00df, leicht herb, und herrlich spritzig. Genau richtig \u00fcberall dort, wo man im Alltag Pause macht.<\/p>\n<ul>\n<li><strong>Gebinde:<\/strong> 20 x 0,5l Mehrwegflaschen im Kasten<\/li>\n<li><strong>Alkoholgehalt:<\/strong> 0,0%<\/li>\n<li><strong>Stammw\u00fcrze:<\/strong> 9,30<\/li>\n<li><strong>Kcal:<\/strong> 35 \/ 100 ml<\/li>\n<li><strong>Zutaten:<\/strong> Alkoholfreies Wei\u00dfbier (Wasser, WEIZENMALZ, GERSTENMALZ, G\u00e4rungskohlens\u00e4ure, Hefe, Hopfen), Zitronenlimonade (Wasser, Zucker, Zitronensaft* (3,3%), Orangensaft*, Limettensaft*, G\u00e4rungskohlens\u00e4ure, Acerolasaft*, nat\u00fcrliches Zitronenaroma mit anderen nat\u00fcrlichen Aromen, Stabilisator Johannisbrotkernmehl)<\/li>\n<\/ul>\n<h6><span style='color: #808080'>F\u00fcr die vorstehenden Angaben wird keine Haftung \u00fcbernommen. Bitte pr\u00fcfen Sie im Einzelfall die Angaben auf der jeweiligen Produktverpackung, nur diese sind verbindlich. Das Produktdesign kann von der Abbildung abweichen.<\/span><\/h6>\n","protected":false},"featured_media":367,"template":"","meta":[],"product_brand":[],"product_cat":[52,26],"product_tag":[],"class_list":{"0":"post-430","1":"product","2":"type-product","3":"status-publish","4":"has-post-thumbnail","6":"product_cat-alkoholfreie-biere","7":"product_cat-alkoholfreie-getraenke","8":"product_deptype-3-10","10":"first","11":"instock","12":"taxable","13":"shipping-taxable","14":"purchasable","15":"product-type-simple"},"_links":{"self":[{"href":"https:\/\/getraenke-rieden.de\/wp571\/wp-json\/wp\/v2\/product\/430","targetHints":{"allow":["GET"]}}],"collection":[{"href":"https:\/\/getraenke-rieden.de\/wp571\/wp-json\/wp\/v2\/product"}],"about":[{"href":"https:\/\/getraenke-rieden.de\/wp571\/wp-json\/wp\/v2\/types\/product"}],"wp:featuredmedia":[{"embeddable":true,"href":"https:\/\/getraenke-rieden.de\/wp571\/wp-json\/wp\/v2\/media\/367"}],"wp:attachment":[{"href":"https:\/\/getraenke-rieden.de\/wp571\/wp-json\/wp\/v2\/media?parent=430"}],"wp:term":[{"taxonomy":"product_brand","embeddable":true,"href":"https:\/\/getraenke-rieden.de\/wp571\/wp-json\/wp\/v2\/product_brand?post=430"},{"taxonomy":"product_cat","embeddable":true,"href":"https:\/\/getraenke-rieden.de\/wp571\/wp-json\/wp\/v2\/product_cat?post=430"},{"taxonomy":"product_tag","embeddable":true,"href":"https:\/\/getraenke-rieden.de\/wp571\/wp-json\/wp\/v2\/product_tag?post=430"}],"curies":[{"name":"wp","href":"https:\/\/api.w.org\/{rel}","templated":true}]}}