{"id":429,"date":"2022-03-10T13:37:16","date_gmt":"2022-03-10T12:37:16","guid":{"rendered":"https:\/\/getraenke-rieden.de\/wp571\/produkt\/paulaner-hefe-weissbier-alkoholfrei-20x05-ltr\/"},"modified":"2022-03-12T21:37:55","modified_gmt":"2022-03-12T20:37:55","slug":"paulaner-hefe-weissbier-alkoholfrei-20x05-ltr","status":"publish","type":"product","link":"https:\/\/getraenke-rieden.de\/wp571\/produkt\/paulaner-hefe-weissbier-alkoholfrei-20x05-ltr\/","title":{"rendered":"Paulaner Hefe-Weissbier alkoholfrei 20&#215;0,5 ltr."},"content":{"rendered":"","protected":false},"excerpt":{"rendered":"<p>Aufgrund der nat\u00fcrlichen Zutaten und der ausgereiften Rezeptur entfaltet unser Hefe-Wei\u00dfbier Alkoholfrei seinen einzigartigen Charakter. So entsteht dank der langj\u00e4hrigen Erfahrung unserer Braumeister ein besonderes Geschmackserlebnis, das seinem gro\u00dfen Bruder in nichts nachsteht: naturtr\u00fcb, spritzig-frisch und mit wei\u00dfbiertypisch fruchtigen Aromen. Unser Alkoholfreies schmeckt aber nicht nur gut, sondern enth\u00e4lt auch viele wichtige Vitamine wie z.B. Fols\u00e4ure und Vitamin B12 und hat mit nur 130 kcal pro Halbe weniger Kalorien als eine Apfelschorle.<\/p>\n<ul>\n<li><strong>Gebinde:<\/strong> 20 x 0,5l Mehrwegflaschen im Kasten<\/li>\n<li><strong>Alkoholgehalt:<\/strong> &lt; 0,5%<\/li>\n<li><strong>Stammw\u00fcrze:<\/strong> 7,50<\/li>\n<li><strong>Kcal:<\/strong> 26 \/ 100 ml<\/li>\n<li><strong>Zutaten:<\/strong> Wasser, WEIZENMALZ, GERSTENMALZ, G\u00e4rungskohlens\u00e4ure, Hefe, Hopfen<\/li>\n<\/ul>\n<h6><span style='color: #808080'>F\u00fcr die vorstehenden Angaben wird keine Haftung \u00fcbernommen. Bitte pr\u00fcfen Sie im Einzelfall die Angaben auf der jeweiligen Produktverpackung, nur diese sind verbindlich. Das Produktdesign kann von der Abbildung abweichen.<\/span><\/h6>\n","protected":false},"featured_media":367,"template":"","meta":[],"product_brand":[],"product_cat":[52,26],"product_tag":[],"class_list":{"0":"post-429","1":"product","2":"type-product","3":"status-publish","4":"has-post-thumbnail","6":"product_cat-alkoholfreie-biere","7":"product_cat-alkoholfreie-getraenke","8":"product_deptype-3-10","10":"first","11":"instock","12":"taxable","13":"shipping-taxable","14":"purchasable","15":"product-type-simple"},"_links":{"self":[{"href":"https:\/\/getraenke-rieden.de\/wp571\/wp-json\/wp\/v2\/product\/429","targetHints":{"allow":["GET"]}}],"collection":[{"href":"https:\/\/getraenke-rieden.de\/wp571\/wp-json\/wp\/v2\/product"}],"about":[{"href":"https:\/\/getraenke-rieden.de\/wp571\/wp-json\/wp\/v2\/types\/product"}],"wp:featuredmedia":[{"embeddable":true,"href":"https:\/\/getraenke-rieden.de\/wp571\/wp-json\/wp\/v2\/media\/367"}],"wp:attachment":[{"href":"https:\/\/getraenke-rieden.de\/wp571\/wp-json\/wp\/v2\/media?parent=429"}],"wp:term":[{"taxonomy":"product_brand","embeddable":true,"href":"https:\/\/getraenke-rieden.de\/wp571\/wp-json\/wp\/v2\/product_brand?post=429"},{"taxonomy":"product_cat","embeddable":true,"href":"https:\/\/getraenke-rieden.de\/wp571\/wp-json\/wp\/v2\/product_cat?post=429"},{"taxonomy":"product_tag","embeddable":true,"href":"https:\/\/getraenke-rieden.de\/wp571\/wp-json\/wp\/v2\/product_tag?post=429"}],"curies":[{"name":"wp","href":"https:\/\/api.w.org\/{rel}","templated":true}]}}