{"id":425,"date":"2022-03-10T13:37:15","date_gmt":"2022-03-10T12:37:15","guid":{"rendered":"https:\/\/getraenke-rieden.de\/wp571\/produkt\/paulaner-muenchner-hell-20x05-ltr\/"},"modified":"2022-08-01T23:24:44","modified_gmt":"2022-08-01T21:24:44","slug":"paulaner-muenchner-hell-20x05-ltr","status":"publish","type":"product","link":"https:\/\/getraenke-rieden.de\/wp571\/produkt\/paulaner-muenchner-hell-20x05-ltr\/","title":{"rendered":"Paulaner M\u00fcnchner Hell 20&#215;0,5 ltr."},"content":{"rendered":"","protected":false},"excerpt":{"rendered":"<p>Klassiker in M\u00fcnchen und bayerisches Grundnahrungsmittel schlechthin. Klar und hellgolden im Glas hochperlend, von hell-wei\u00dfem Schaum gekr\u00f6nt, wird es am liebsten traditionell unter Kastanien getrunken. Ein ausgesprochen s\u00fcffiges Bier: mild, elegant-malzig, mit einer leichten S\u00fc\u00dfe. Und einem leisen \u201eServus\u201c vom Hopfen im Nachhall. Da gr\u00fc\u00dft das bayerische Lebensgef\u00fchl!<\/p>\n<ul>\n<li><strong>Gebinde:<\/strong> 20 x 0,5l Mehrwegflaschen im Kasten<\/li>\n<li><strong>Alkoholgehalt:<\/strong> 4,9%<\/li>\n<li><strong>Stammw\u00fcrze:<\/strong> 11,50<\/li>\n<li><strong>Kcal:<\/strong> 38 \/ 100 ml<\/li>\n<li><strong>Zutaten:<\/strong> Wasser, GERSTENMALZ, Hopfen<\/li>\n<\/ul>\n<h6><span style='color: #808080'>F\u00fcr die vorstehenden Angaben wird keine Haftung \u00fcbernommen. Bitte pr\u00fcfen Sie im Einzelfall die Angaben auf der jeweiligen Produktverpackung, nur diese sind verbindlich. Das Produktdesign kann von der Abbildung abweichen.<\/span><\/h6>\n","protected":false},"featured_media":367,"template":"","meta":[],"product_brand":[],"product_cat":[19,20],"product_tag":[],"class_list":{"0":"post-425","1":"product","2":"type-product","3":"status-publish","4":"has-post-thumbnail","6":"product_cat-alkoholische-getraenke","7":"product_cat-bier","8":"product_deptype-90","9":"product_deptype-92","11":"first","12":"instock","13":"taxable","14":"shipping-taxable","15":"purchasable","16":"product-type-simple"},"_links":{"self":[{"href":"https:\/\/getraenke-rieden.de\/wp571\/wp-json\/wp\/v2\/product\/425","targetHints":{"allow":["GET"]}}],"collection":[{"href":"https:\/\/getraenke-rieden.de\/wp571\/wp-json\/wp\/v2\/product"}],"about":[{"href":"https:\/\/getraenke-rieden.de\/wp571\/wp-json\/wp\/v2\/types\/product"}],"wp:featuredmedia":[{"embeddable":true,"href":"https:\/\/getraenke-rieden.de\/wp571\/wp-json\/wp\/v2\/media\/367"}],"wp:attachment":[{"href":"https:\/\/getraenke-rieden.de\/wp571\/wp-json\/wp\/v2\/media?parent=425"}],"wp:term":[{"taxonomy":"product_brand","embeddable":true,"href":"https:\/\/getraenke-rieden.de\/wp571\/wp-json\/wp\/v2\/product_brand?post=425"},{"taxonomy":"product_cat","embeddable":true,"href":"https:\/\/getraenke-rieden.de\/wp571\/wp-json\/wp\/v2\/product_cat?post=425"},{"taxonomy":"product_tag","embeddable":true,"href":"https:\/\/getraenke-rieden.de\/wp571\/wp-json\/wp\/v2\/product_tag?post=425"}],"curies":[{"name":"wp","href":"https:\/\/api.w.org\/{rel}","templated":true}]}}