{"id":419,"date":"2022-03-10T13:37:15","date_gmt":"2022-03-10T12:37:15","guid":{"rendered":"https:\/\/getraenke-rieden.de\/wp571\/produkt\/braustuebl-helles-naturtrueb-4x6x033-ltr\/"},"modified":"2023-09-12T22:54:50","modified_gmt":"2023-09-12T20:54:50","slug":"braustuebl-helles-naturtrueb-4x6x033-ltr","status":"publish","type":"product","link":"https:\/\/getraenke-rieden.de\/wp571\/produkt\/braustuebl-helles-naturtrueb-4x6x033-ltr\/","title":{"rendered":"Braust\u00fcb&#8217;l Helles Naturtr\u00fcb 4x6x0,33 ltr."},"content":{"rendered":"","protected":false},"excerpt":{"rendered":"<p>Dieses Bier besticht durch eine feine Balance zwischen S\u00fc\u00dfe und Bittere. Gerstenmalz aus regionalem Anbau und Wasser aus eigenem Tiefbrunnen verleihen dem Braust\u00fcb\u2019l Helles seinen typischen Charakter.<\/p>\n<ul>\n<li><strong>Gebinde:<\/strong> 4 (Pack) x 6 x 0,33l Mehrwegflaschen im Kasten<\/li>\n<li><strong>Alkoholgehalt:<\/strong> 5,2%<\/li>\n<li><strong>Stammw\u00fcrze:<\/strong> 12,50<\/li>\n<li><strong>Kcal:<\/strong> 45 \/ 100 ml<\/li>\n<li><strong>Zutaten:<\/strong> Brauwasser, GERSTENMALZ, Hopfen, Hopfenextrakt<\/li>\n<\/ul>\n<h6><span style='color: #808080'>F\u00fcr die vorstehenden Angaben wird keine Haftung \u00fcbernommen. Bitte pr\u00fcfen Sie im Einzelfall die Angaben auf der jeweiligen Produktverpackung, nur diese sind verbindlich. Das Produktdesign kann von der Abbildung abweichen.<\/span><\/h6>\n","protected":false},"featured_media":367,"template":"","meta":[],"product_brand":[],"product_cat":[19,20],"product_tag":[],"class_list":{"0":"post-419","1":"product","2":"type-product","3":"status-publish","4":"has-post-thumbnail","6":"product_cat-alkoholische-getraenke","7":"product_cat-bier","8":"product_deptype-4-5","10":"first","11":"instock","12":"taxable","13":"shipping-taxable","14":"purchasable","15":"product-type-simple"},"_links":{"self":[{"href":"https:\/\/getraenke-rieden.de\/wp571\/wp-json\/wp\/v2\/product\/419","targetHints":{"allow":["GET"]}}],"collection":[{"href":"https:\/\/getraenke-rieden.de\/wp571\/wp-json\/wp\/v2\/product"}],"about":[{"href":"https:\/\/getraenke-rieden.de\/wp571\/wp-json\/wp\/v2\/types\/product"}],"wp:featuredmedia":[{"embeddable":true,"href":"https:\/\/getraenke-rieden.de\/wp571\/wp-json\/wp\/v2\/media\/367"}],"wp:attachment":[{"href":"https:\/\/getraenke-rieden.de\/wp571\/wp-json\/wp\/v2\/media?parent=419"}],"wp:term":[{"taxonomy":"product_brand","embeddable":true,"href":"https:\/\/getraenke-rieden.de\/wp571\/wp-json\/wp\/v2\/product_brand?post=419"},{"taxonomy":"product_cat","embeddable":true,"href":"https:\/\/getraenke-rieden.de\/wp571\/wp-json\/wp\/v2\/product_cat?post=419"},{"taxonomy":"product_tag","embeddable":true,"href":"https:\/\/getraenke-rieden.de\/wp571\/wp-json\/wp\/v2\/product_tag?post=419"}],"curies":[{"name":"wp","href":"https:\/\/api.w.org\/{rel}","templated":true}]}}