{"id":414,"date":"2022-03-10T13:37:14","date_gmt":"2022-03-10T12:37:14","guid":{"rendered":"https:\/\/getraenke-rieden.de\/wp571\/produkt\/braustuebl-hefe-weissbier-hell-20x05-ltr\/"},"modified":"2023-09-12T23:01:00","modified_gmt":"2023-09-12T21:01:00","slug":"braustuebl-hefe-weissbier-hell-20x05-ltr","status":"publish","type":"product","link":"https:\/\/getraenke-rieden.de\/wp571\/produkt\/braustuebl-hefe-weissbier-hell-20x05-ltr\/","title":{"rendered":"Braust\u00fcb&#8217;l Hefe-Weissbier hell 20&#215;0,5 ltr."},"content":{"rendered":"","protected":false},"excerpt":{"rendered":"<p>Die Darmst\u00e4dter Privatbrauerei braute als eine der ersten Brauereien in Hessen Weissbier. Das Braust\u00fcb\u2019l Weissbier ist eine oberg\u00e4rige Bierspezialit\u00e4t. Goldgelbe Farbe und naturtr\u00fcb im Glas. Eine deutliche Note nach reifen Bananen umschmeichelt die Nase. Angenehm moussierend im Abgang. Mehrfach national ausgezeichnet, unter anderem als bestbewertetes Weizen Deutschlands (DLG 2015\/2016) mehrfach mit dem Bundesehrenpreis ausgezeichnet.<\/p>\n<ul>\n<li><strong>Gebinde:<\/strong> 20 x 0,5l Mehrwegflaschen im Kasten<\/li>\n<li><strong>Alkoholgehalt:<\/strong> 4,8%<\/li>\n<li><strong>Stammw\u00fcrze:<\/strong> 11,50<\/li>\n<li><strong>Kcal:<\/strong> 43 \/ 100 ml<\/li>\n<li><strong>Zutaten:<\/strong> Brauwasser, WEIZENMALZ, GERSTENMALZ, Hopfen, Hopfenextrakt, Hefe<\/li>\n<\/ul>\n<h6><span style='color: #808080'>F\u00fcr die vorstehenden Angaben wird keine Haftung \u00fcbernommen. Bitte pr\u00fcfen Sie im Einzelfall die Angaben auf der jeweiligen Produktverpackung, nur diese sind verbindlich. Das Produktdesign kann von der Abbildung abweichen.<\/span><\/h6>\n","protected":false},"featured_media":367,"template":"","meta":[],"product_brand":[],"product_cat":[19,20,62],"product_tag":[],"class_list":{"0":"post-414","1":"product","2":"type-product","3":"status-publish","4":"has-post-thumbnail","6":"product_cat-alkoholische-getraenke","7":"product_cat-bier","8":"product_cat-weizen","9":"product_deptype-4-50","11":"first","12":"instock","13":"taxable","14":"shipping-taxable","15":"purchasable","16":"product-type-simple"},"_links":{"self":[{"href":"https:\/\/getraenke-rieden.de\/wp571\/wp-json\/wp\/v2\/product\/414","targetHints":{"allow":["GET"]}}],"collection":[{"href":"https:\/\/getraenke-rieden.de\/wp571\/wp-json\/wp\/v2\/product"}],"about":[{"href":"https:\/\/getraenke-rieden.de\/wp571\/wp-json\/wp\/v2\/types\/product"}],"wp:featuredmedia":[{"embeddable":true,"href":"https:\/\/getraenke-rieden.de\/wp571\/wp-json\/wp\/v2\/media\/367"}],"wp:attachment":[{"href":"https:\/\/getraenke-rieden.de\/wp571\/wp-json\/wp\/v2\/media?parent=414"}],"wp:term":[{"taxonomy":"product_brand","embeddable":true,"href":"https:\/\/getraenke-rieden.de\/wp571\/wp-json\/wp\/v2\/product_brand?post=414"},{"taxonomy":"product_cat","embeddable":true,"href":"https:\/\/getraenke-rieden.de\/wp571\/wp-json\/wp\/v2\/product_cat?post=414"},{"taxonomy":"product_tag","embeddable":true,"href":"https:\/\/getraenke-rieden.de\/wp571\/wp-json\/wp\/v2\/product_tag?post=414"}],"curies":[{"name":"wp","href":"https:\/\/api.w.org\/{rel}","templated":true}]}}