{"id":409,"date":"2022-03-10T13:37:14","date_gmt":"2022-03-10T12:37:14","guid":{"rendered":"https:\/\/getraenke-rieden.de\/wp571\/produkt\/karamalz-classic-24x033-ltr\/"},"modified":"2022-03-20T17:31:46","modified_gmt":"2022-03-20T16:31:46","slug":"karamalz-classic-24x033-ltr","status":"publish","type":"product","link":"https:\/\/getraenke-rieden.de\/wp571\/produkt\/karamalz-classic-24x033-ltr\/","title":{"rendered":"Karamalz Classic 24&#215;0,33 ltr."},"content":{"rendered":"","protected":false},"excerpt":{"rendered":"<p>Karamalz Classic ist ein alkoholfreies Malzgetr\u00e4nk \u2013 \u201edas\u201c Malzgetr\u00e4nk mit der charakteristischen Karamell-Note, die auch namensgebend f\u00fcr Karamalz ist. Durch die Verwendung bester Zutaten, dem Einsatz des typischen Karamell-Malzes und der richtigen Dosis Kohlens\u00e4ure entsteht der einzigartige Geschmack von Karamalz Classic.<\/p>\n<ul>\n<li><strong>Gebinde:<\/strong> 24 x 0,33l Mehrwegflaschen im Kasten<\/li>\n<li><strong>Alkoholgehalt:<\/strong> 0,0%<\/li>\n<li><strong>Stammw\u00fcrze:<\/strong> k.a.<\/li>\n<li><strong>Kcal:<\/strong> 44 \/ 100 ml<\/li>\n<li><strong>Zutaten:<\/strong> Wasser, GERSTENMALZ, Glucose-Fructose-Sirup, Kohlens\u00e4ure, Hopfenextrakt.<\/li>\n<\/ul>\n<h6><span style='color: #808080'>F\u00fcr die vorstehenden Angaben wird keine Haftung \u00fcbernommen. Bitte pr\u00fcfen Sie im Einzelfall die Angaben auf der jeweiligen Produktverpackung, nur diese sind verbindlich. Das Produktdesign kann von der Abbildung abweichen.<\/span><\/h6>\n","protected":false},"featured_media":367,"template":"","meta":[],"product_brand":[],"product_cat":[52,26],"product_tag":[],"class_list":{"0":"post-409","1":"product","2":"type-product","3":"status-publish","4":"has-post-thumbnail","6":"product_cat-alkoholfreie-biere","7":"product_cat-alkoholfreie-getraenke","8":"product_deptype-3-42","10":"first","11":"instock","12":"taxable","13":"shipping-taxable","14":"purchasable","15":"product-type-simple"},"_links":{"self":[{"href":"https:\/\/getraenke-rieden.de\/wp571\/wp-json\/wp\/v2\/product\/409","targetHints":{"allow":["GET"]}}],"collection":[{"href":"https:\/\/getraenke-rieden.de\/wp571\/wp-json\/wp\/v2\/product"}],"about":[{"href":"https:\/\/getraenke-rieden.de\/wp571\/wp-json\/wp\/v2\/types\/product"}],"wp:featuredmedia":[{"embeddable":true,"href":"https:\/\/getraenke-rieden.de\/wp571\/wp-json\/wp\/v2\/media\/367"}],"wp:attachment":[{"href":"https:\/\/getraenke-rieden.de\/wp571\/wp-json\/wp\/v2\/media?parent=409"}],"wp:term":[{"taxonomy":"product_brand","embeddable":true,"href":"https:\/\/getraenke-rieden.de\/wp571\/wp-json\/wp\/v2\/product_brand?post=409"},{"taxonomy":"product_cat","embeddable":true,"href":"https:\/\/getraenke-rieden.de\/wp571\/wp-json\/wp\/v2\/product_cat?post=409"},{"taxonomy":"product_tag","embeddable":true,"href":"https:\/\/getraenke-rieden.de\/wp571\/wp-json\/wp\/v2\/product_tag?post=409"}],"curies":[{"name":"wp","href":"https:\/\/api.w.org\/{rel}","templated":true}]}}