{"id":405,"date":"2022-03-10T13:37:14","date_gmt":"2022-03-10T12:37:14","guid":{"rendered":"https:\/\/getraenke-rieden.de\/wp571\/produkt\/pfungstaedter-nikolaus-bier-11x05-ltr\/"},"modified":"2022-03-20T17:38:37","modified_gmt":"2022-03-20T16:38:37","slug":"pfungstaedter-nikolaus-bier-11x05-ltr","status":"publish","type":"product","link":"https:\/\/getraenke-rieden.de\/wp571\/produkt\/pfungstaedter-nikolaus-bier-11x05-ltr\/","title":{"rendered":"Pfungst\u00e4dter Nikolaus Bier 11&#215;0,5 ltr."},"content":{"rendered":"","protected":false},"excerpt":{"rendered":"<p>Das Starkbier der Pfungst\u00e4dter Brauerei wird p\u00fcnktlich zum  Nikolaus Fest eingebraut und ist saisonal zur Weihnachtszeit verf\u00fcgbar. Feine R\u00f6staromen und eine angenehme spritzigkeit zeichnen dieses Bockbier aus &#8211; ein Genu\u00df f\u00fcr wahre Kenner.<\/p>\n<ul>\n<li><strong>Gebinde:<\/strong> 11 x 0,5l Mehrwegflaschen im Kasten<\/li>\n<li><strong>Alkoholgehalt:<\/strong> 6,9%<\/li>\n<li><strong>Stammw\u00fcrze:<\/strong> 16,00<\/li>\n<li><strong>Kcal:<\/strong> 59 \/ 100 ml<\/li>\n<li><strong>Zutaten:<\/strong> Wasser, GERSTENMALZ, Hopfen<\/li>\n<\/ul>\n<h6><span style='color: #808080'>F\u00fcr die vorstehenden Angaben wird keine Haftung \u00fcbernommen. Bitte pr\u00fcfen Sie im Einzelfall die Angaben auf der jeweiligen Produktverpackung, nur diese sind verbindlich. Das Produktdesign kann von der Abbildung abweichen.<\/span><\/h6>\n","protected":false},"featured_media":367,"template":"","meta":[],"product_brand":[],"product_cat":[19,20],"product_tag":[],"class_list":{"0":"post-405","1":"product","2":"type-product","3":"status-publish","4":"has-post-thumbnail","6":"product_cat-alkoholische-getraenke","7":"product_cat-bier","8":"product_deptype-2-38","10":"first","11":"instock","12":"taxable","13":"shipping-taxable","14":"purchasable","15":"product-type-simple"},"_links":{"self":[{"href":"https:\/\/getraenke-rieden.de\/wp571\/wp-json\/wp\/v2\/product\/405","targetHints":{"allow":["GET"]}}],"collection":[{"href":"https:\/\/getraenke-rieden.de\/wp571\/wp-json\/wp\/v2\/product"}],"about":[{"href":"https:\/\/getraenke-rieden.de\/wp571\/wp-json\/wp\/v2\/types\/product"}],"wp:featuredmedia":[{"embeddable":true,"href":"https:\/\/getraenke-rieden.de\/wp571\/wp-json\/wp\/v2\/media\/367"}],"wp:attachment":[{"href":"https:\/\/getraenke-rieden.de\/wp571\/wp-json\/wp\/v2\/media?parent=405"}],"wp:term":[{"taxonomy":"product_brand","embeddable":true,"href":"https:\/\/getraenke-rieden.de\/wp571\/wp-json\/wp\/v2\/product_brand?post=405"},{"taxonomy":"product_cat","embeddable":true,"href":"https:\/\/getraenke-rieden.de\/wp571\/wp-json\/wp\/v2\/product_cat?post=405"},{"taxonomy":"product_tag","embeddable":true,"href":"https:\/\/getraenke-rieden.de\/wp571\/wp-json\/wp\/v2\/product_tag?post=405"}],"curies":[{"name":"wp","href":"https:\/\/api.w.org\/{rel}","templated":true}]}}