{"id":389,"date":"2022-03-10T13:00:49","date_gmt":"2022-03-10T12:00:49","guid":{"rendered":"https:\/\/getraenke-rieden.de\/wp571\/produkt\/schmucker-odenwaelder-bio-landbier-10x05-ltr\/"},"modified":"2022-03-20T17:39:35","modified_gmt":"2022-03-20T16:39:35","slug":"schmucker-odenwaelder-bio-landbier-10x05-ltr","status":"publish","type":"product","link":"https:\/\/getraenke-rieden.de\/wp571\/produkt\/schmucker-odenwaelder-bio-landbier-10x05-ltr\/","title":{"rendered":"Schmucker Odenw\u00e4lder BIO Landbier 10&#215;0,5 ltr."},"content":{"rendered":"","protected":false},"excerpt":{"rendered":"<p>Diese naturtr\u00fcbe Odenw\u00e4lder Bier-Spezialit\u00e4t funkelt bernsteinfarben durch das Glas und wird von einem festen, wei\u00dfen Schaum gekr\u00f6nt. Im Antrunk angenehm vollmundig mit einer milden Bittere. Seine beeindruckende Geschmacksf\u00fclle harmoniert bestens mit der leichten Malznote.<\/p>\n<ul>\n<li><strong>Gebinde:<\/strong> 10 x 0,5l Mehrwegflaschen im Kasten<\/li>\n<li><strong>Alkoholgehalt:<\/strong> 5,0%<\/li>\n<li><strong>Stammw\u00fcrze:<\/strong> k.a.<\/li>\n<li><strong>Kcal:<\/strong> 42 \/ 100 ml<\/li>\n<li><strong>Zutaten:<\/strong> Wasser, Bio-GERSTENMALZ, Bio-Hopfen, Hefe<\/li>\n<\/ul>\n<h6><span style='color: #808080'>F\u00fcr die vorstehenden Angaben wird keine Haftung \u00fcbernommen. Bitte pr\u00fcfen Sie im Einzelfall die Angaben auf der jeweiligen Produktverpackung, nur diese sind verbindlich. Das Produktdesign kann von der Abbildung abweichen.<\/span><\/h6>\n","protected":false},"featured_media":367,"template":"","meta":[],"product_brand":[],"product_cat":[19,20],"product_tag":[],"class_list":{"0":"post-389","1":"product","2":"type-product","3":"status-publish","4":"has-post-thumbnail","6":"product_cat-alkoholische-getraenke","7":"product_cat-bier","8":"product_deptype-2-30","10":"first","11":"instock","12":"taxable","13":"shipping-taxable","14":"purchasable","15":"product-type-simple"},"_links":{"self":[{"href":"https:\/\/getraenke-rieden.de\/wp571\/wp-json\/wp\/v2\/product\/389","targetHints":{"allow":["GET"]}}],"collection":[{"href":"https:\/\/getraenke-rieden.de\/wp571\/wp-json\/wp\/v2\/product"}],"about":[{"href":"https:\/\/getraenke-rieden.de\/wp571\/wp-json\/wp\/v2\/types\/product"}],"wp:featuredmedia":[{"embeddable":true,"href":"https:\/\/getraenke-rieden.de\/wp571\/wp-json\/wp\/v2\/media\/367"}],"wp:attachment":[{"href":"https:\/\/getraenke-rieden.de\/wp571\/wp-json\/wp\/v2\/media?parent=389"}],"wp:term":[{"taxonomy":"product_brand","embeddable":true,"href":"https:\/\/getraenke-rieden.de\/wp571\/wp-json\/wp\/v2\/product_brand?post=389"},{"taxonomy":"product_cat","embeddable":true,"href":"https:\/\/getraenke-rieden.de\/wp571\/wp-json\/wp\/v2\/product_cat?post=389"},{"taxonomy":"product_tag","embeddable":true,"href":"https:\/\/getraenke-rieden.de\/wp571\/wp-json\/wp\/v2\/product_tag?post=389"}],"curies":[{"name":"wp","href":"https:\/\/api.w.org\/{rel}","templated":true}]}}