{"id":387,"date":"2022-03-10T13:00:49","date_gmt":"2022-03-10T12:00:49","guid":{"rendered":"https:\/\/getraenke-rieden.de\/wp571\/produkt\/schmucker-hefeweizen-alkoholfrei-10x05-ltr\/"},"modified":"2022-03-12T21:57:43","modified_gmt":"2022-03-12T20:57:43","slug":"schmucker-hefeweizen-alkoholfrei-10x05-ltr","status":"publish","type":"product","link":"https:\/\/getraenke-rieden.de\/wp571\/produkt\/schmucker-hefeweizen-alkoholfrei-10x05-ltr\/","title":{"rendered":"Schmucker Hefeweizen alkoholfrei 10&#215;0,5 ltr."},"content":{"rendered":"","protected":false},"excerpt":{"rendered":"<p>Ein naturtr\u00fcbes, bernsteinfarben leuchtendes Bier mit einem kr\u00e4ftigen Schaum von fester Struktur. Das Bier besticht durch typische oberg\u00e4rige Aromen sowie eine dezente malzige Note. Seine rezenz und milde Bittere erfrischen bei jedem Schluck. Unser spezielles Verfahren entzieht dem Weizen Bock schonend den Alkohol und bel\u00e4sst typische oberg\u00e4rige Aromen im Bier. Passt zu Gefl\u00fcgel, herzhaften Steak und Salat.<\/p>\n<ul>\n<li><strong>Gebinde:<\/strong> 10 x 0,5l Mehrwegflaschen im Kasten<\/li>\n<li><strong>Alkoholgehalt:<\/strong> 0,0%<\/li>\n<li><strong>Stammw\u00fcrze:<\/strong> k.a.<\/li>\n<li><strong>Kcal:<\/strong> 24 \/ 100 ml<\/li>\n<li><strong>Zutaten:<\/strong> Wasser, WEIZENMALZ, GERSTENMALZ, Hopfen, Hopfenextrakt, Hefe<\/li>\n<\/ul>\n<h6><span style='color: #808080'>F\u00fcr die vorstehenden Angaben wird keine Haftung \u00fcbernommen. Bitte pr\u00fcfen Sie im Einzelfall die Angaben auf der jeweiligen Produktverpackung, nur diese sind verbindlich. Das Produktdesign kann von der Abbildung abweichen.<\/span><\/h6>\n","protected":false},"featured_media":367,"template":"","meta":[],"product_brand":[],"product_cat":[52,26],"product_tag":[],"class_list":{"0":"post-387","1":"product","2":"type-product","3":"status-publish","4":"has-post-thumbnail","6":"product_cat-alkoholfreie-biere","7":"product_cat-alkoholfreie-getraenke","8":"product_deptype-2-30","10":"first","11":"instock","12":"taxable","13":"shipping-taxable","14":"purchasable","15":"product-type-simple"},"_links":{"self":[{"href":"https:\/\/getraenke-rieden.de\/wp571\/wp-json\/wp\/v2\/product\/387","targetHints":{"allow":["GET"]}}],"collection":[{"href":"https:\/\/getraenke-rieden.de\/wp571\/wp-json\/wp\/v2\/product"}],"about":[{"href":"https:\/\/getraenke-rieden.de\/wp571\/wp-json\/wp\/v2\/types\/product"}],"wp:featuredmedia":[{"embeddable":true,"href":"https:\/\/getraenke-rieden.de\/wp571\/wp-json\/wp\/v2\/media\/367"}],"wp:attachment":[{"href":"https:\/\/getraenke-rieden.de\/wp571\/wp-json\/wp\/v2\/media?parent=387"}],"wp:term":[{"taxonomy":"product_brand","embeddable":true,"href":"https:\/\/getraenke-rieden.de\/wp571\/wp-json\/wp\/v2\/product_brand?post=387"},{"taxonomy":"product_cat","embeddable":true,"href":"https:\/\/getraenke-rieden.de\/wp571\/wp-json\/wp\/v2\/product_cat?post=387"},{"taxonomy":"product_tag","embeddable":true,"href":"https:\/\/getraenke-rieden.de\/wp571\/wp-json\/wp\/v2\/product_tag?post=387"}],"curies":[{"name":"wp","href":"https:\/\/api.w.org\/{rel}","templated":true}]}}