{"id":383,"date":"2022-03-10T13:00:48","date_gmt":"2022-03-10T12:00:48","guid":{"rendered":"https:\/\/getraenke-rieden.de\/wp571\/produkt\/schmucker-privat-export-20x05-ltr\/"},"modified":"2023-09-12T23:04:32","modified_gmt":"2023-09-12T21:04:32","slug":"schmucker-privat-export-20x05-ltr","status":"publish","type":"product","link":"https:\/\/getraenke-rieden.de\/wp571\/produkt\/schmucker-privat-export-20x05-ltr\/","title":{"rendered":"Schmucker Privat Export 20&#215;0,5 ltr."},"content":{"rendered":"","protected":false},"excerpt":{"rendered":"<p>Die warme hellgoldene Farbe unterstreicht die dezente Hopfennote, die dem Bier eine frische Leichtigkeit verleiht. Die erfrischende Rezenz, machen diese Odenw\u00e4lder Bierspezialit\u00e4t durch das ausbalancierte Zusammenspiel von dem milden Malzaroma und der Bittere, einzigartig.<\/p>\n<ul>\n<li><strong>Gebinde:<\/strong> 20 x 0,33l Mehrwegflaschen im Kasten<\/li>\n<li><strong>Alkoholgehalt:<\/strong> 5,2%<\/li>\n<li><strong>Stammw\u00fcrze:<\/strong> 12,50<\/li>\n<li><strong>Kcal:<\/strong> 44 \/ 100 ml<\/li>\n<li><strong>Zutaten:<\/strong> Wasser, GERSTENMALZ, Hopfen, Hopfenextrakt<\/li>\n<\/ul>\n<h6><span style='color: #808080'>F\u00fcr die vorstehenden Angaben wird keine Haftung \u00fcbernommen. Bitte pr\u00fcfen Sie im Einzelfall die Angaben auf der jeweiligen Produktverpackung, nur diese sind verbindlich. Das Produktdesign kann von der Abbildung abweichen.<\/span><\/h6>\n","protected":false},"featured_media":367,"template":"","meta":[],"product_brand":[],"product_cat":[19,20,63],"product_tag":[],"class_list":{"0":"post-383","1":"product","2":"type-product","3":"status-publish","4":"has-post-thumbnail","6":"product_cat-alkoholische-getraenke","7":"product_cat-bier","8":"product_cat-export","9":"product_deptype-3-1","11":"first","12":"instock","13":"taxable","14":"shipping-taxable","15":"purchasable","16":"product-type-simple"},"_links":{"self":[{"href":"https:\/\/getraenke-rieden.de\/wp571\/wp-json\/wp\/v2\/product\/383","targetHints":{"allow":["GET"]}}],"collection":[{"href":"https:\/\/getraenke-rieden.de\/wp571\/wp-json\/wp\/v2\/product"}],"about":[{"href":"https:\/\/getraenke-rieden.de\/wp571\/wp-json\/wp\/v2\/types\/product"}],"wp:featuredmedia":[{"embeddable":true,"href":"https:\/\/getraenke-rieden.de\/wp571\/wp-json\/wp\/v2\/media\/367"}],"wp:attachment":[{"href":"https:\/\/getraenke-rieden.de\/wp571\/wp-json\/wp\/v2\/media?parent=383"}],"wp:term":[{"taxonomy":"product_brand","embeddable":true,"href":"https:\/\/getraenke-rieden.de\/wp571\/wp-json\/wp\/v2\/product_brand?post=383"},{"taxonomy":"product_cat","embeddable":true,"href":"https:\/\/getraenke-rieden.de\/wp571\/wp-json\/wp\/v2\/product_cat?post=383"},{"taxonomy":"product_tag","embeddable":true,"href":"https:\/\/getraenke-rieden.de\/wp571\/wp-json\/wp\/v2\/product_tag?post=383"}],"curies":[{"name":"wp","href":"https:\/\/api.w.org\/{rel}","templated":true}]}}