{"id":378,"date":"2022-03-10T13:00:48","date_gmt":"2022-03-10T12:00:48","guid":{"rendered":"https:\/\/getraenke-rieden.de\/wp571\/produkt\/schoefferhofer-hefeweizen-naturtrueb-20x05-ltr\/"},"modified":"2023-03-31T10:52:42","modified_gmt":"2023-03-31T08:52:42","slug":"schoefferhofer-hefeweizen-naturtrueb-20x05-ltr","status":"publish","type":"product","link":"https:\/\/getraenke-rieden.de\/wp571\/produkt\/schoefferhofer-hefeweizen-naturtrueb-20x05-ltr\/","title":{"rendered":"Sch\u00f6fferhofer Hefeweizen Naturtr\u00fcb  20&#215;0,5 ltr."},"content":{"rendered":"","protected":false},"excerpt":{"rendered":"<p>Sch\u00f6fferhofer Weizen Naturtr\u00fcb ist die beliebteste Variante im klassischen Sch\u00f6fferhofer Sortiment. Es hat noch ein wenig Hefe in der Flasche und durch die verst\u00e4rkte Zugabe von Hopfen schmeckt es etwas herber, gleichzeitig sehr frisch und fruchtig-w\u00fcrzig.<\/p>\n<ul>\n<li><strong>Gebinde:<\/strong> 20 x 0,5l Mehrwegflaschen im Kasten<\/li>\n<li><strong>Alkoholgehalt:<\/strong> 5,0%<\/li>\n<li><strong>Stammw\u00fcrze:<\/strong> 11,60<\/li>\n<li><strong>Kcal:<\/strong> 40 \/ 100 ml<\/li>\n<li><strong>Zutaten:<\/strong> Wasser, WEIZENmalz, GERSTENMALZ, Hopfenextrakt, Hefe<\/li>\n<\/ul>\n<h6><span style='color: #808080'>F\u00fcr die vorstehenden Angaben wird keine Haftung \u00fcbernommen. Bitte pr\u00fcfen Sie im Einzelfall die Angaben auf der jeweiligen Produktverpackung, nur diese sind verbindlich. Das Produktdesign kann von der Abbildung abweichen.<\/span><\/h6>\n","protected":false},"featured_media":367,"template":"","meta":[],"product_brand":[],"product_cat":[19,20,62],"product_tag":[],"class_list":{"0":"post-378","1":"product","2":"type-product","3":"status-publish","4":"has-post-thumbnail","6":"product_cat-alkoholische-getraenke","7":"product_cat-bier","8":"product_cat-weizen","9":"product_deptype-3-10","11":"first","12":"instock","13":"taxable","14":"shipping-taxable","15":"purchasable","16":"product-type-simple"},"_links":{"self":[{"href":"https:\/\/getraenke-rieden.de\/wp571\/wp-json\/wp\/v2\/product\/378","targetHints":{"allow":["GET"]}}],"collection":[{"href":"https:\/\/getraenke-rieden.de\/wp571\/wp-json\/wp\/v2\/product"}],"about":[{"href":"https:\/\/getraenke-rieden.de\/wp571\/wp-json\/wp\/v2\/types\/product"}],"wp:featuredmedia":[{"embeddable":true,"href":"https:\/\/getraenke-rieden.de\/wp571\/wp-json\/wp\/v2\/media\/367"}],"wp:attachment":[{"href":"https:\/\/getraenke-rieden.de\/wp571\/wp-json\/wp\/v2\/media?parent=378"}],"wp:term":[{"taxonomy":"product_brand","embeddable":true,"href":"https:\/\/getraenke-rieden.de\/wp571\/wp-json\/wp\/v2\/product_brand?post=378"},{"taxonomy":"product_cat","embeddable":true,"href":"https:\/\/getraenke-rieden.de\/wp571\/wp-json\/wp\/v2\/product_cat?post=378"},{"taxonomy":"product_tag","embeddable":true,"href":"https:\/\/getraenke-rieden.de\/wp571\/wp-json\/wp\/v2\/product_tag?post=378"}],"curies":[{"name":"wp","href":"https:\/\/api.w.org\/{rel}","templated":true}]}}