{"id":377,"date":"2022-03-10T13:00:48","date_gmt":"2022-03-10T12:00:48","guid":{"rendered":"https:\/\/getraenke-rieden.de\/wp571\/produkt\/eichbaum-kurpfaelzer-naturradler-20x033-ltr\/"},"modified":"2023-03-31T10:52:34","modified_gmt":"2023-03-31T08:52:34","slug":"eichbaum-kurpfaelzer-naturradler-20x033-ltr","status":"publish","type":"product","link":"https:\/\/getraenke-rieden.de\/wp571\/produkt\/eichbaum-kurpfaelzer-naturradler-20x033-ltr\/","title":{"rendered":"Eichbaum Kurpf\u00e4lzer NaturRadler 20&#215;0,33 ltr."},"content":{"rendered":"","protected":false},"excerpt":{"rendered":"<p>Das Eichbaum Kurpf\u00e4lzer Naturradler sticht mit seiner goldener F\u00e4rbung und nat\u00fcrlicher Hefetr\u00fcbung angenehm hervor. Ausgewogene Fruchtaromen mit mildem Geschmack und einem fein perlenden Abklang sind ein Biergenu\u00df den man erlebt haben muss. Das enthaltene Bier ist nach dem deutschen Reinheitsgebot gebraut.<\/p>\n<ul>\n<li><strong>Gebinde:<\/strong> 20 x 0,33l Mehrwegflaschen im Kasten<\/li>\n<li><strong>Alkoholgehalt:<\/strong> 2,4%<\/li>\n<li><strong>Stammw\u00fcrze:<\/strong> 11,50<\/li>\n<li><strong>Kcal:<\/strong> 41 \/ 100 ml<\/li>\n<li><strong>Zutaten:<\/strong> Biermischgetr\u00e4nk aus 45 % Bier und 55 % Zitronenlimonade mit echtem Zitronensaft, enth\u00e4lt GERSTENMALZ<\/li>\n<\/ul>\n<h6><span style='color: #808080'>F\u00fcr die vorstehenden Angaben wird keine Haftung \u00fcbernommen. Bitte pr\u00fcfen Sie im Einzelfall die Angaben auf der jeweiligen Produktverpackung, nur diese sind verbindlich. Das Produktdesign kann von der Abbildung abweichen.<\/span><\/h6>\n","protected":false},"featured_media":367,"template":"","meta":[],"product_brand":[],"product_cat":[19,20,64],"product_tag":[],"class_list":{"0":"post-377","1":"product","2":"type-product","3":"status-publish","4":"has-post-thumbnail","6":"product_cat-alkoholische-getraenke","7":"product_cat-bier","8":"product_cat-radler","9":"product_deptype-94","10":"product_deptype-95","12":"first","13":"instock","14":"taxable","15":"shipping-taxable","16":"purchasable","17":"product-type-simple"},"_links":{"self":[{"href":"https:\/\/getraenke-rieden.de\/wp571\/wp-json\/wp\/v2\/product\/377","targetHints":{"allow":["GET"]}}],"collection":[{"href":"https:\/\/getraenke-rieden.de\/wp571\/wp-json\/wp\/v2\/product"}],"about":[{"href":"https:\/\/getraenke-rieden.de\/wp571\/wp-json\/wp\/v2\/types\/product"}],"wp:featuredmedia":[{"embeddable":true,"href":"https:\/\/getraenke-rieden.de\/wp571\/wp-json\/wp\/v2\/media\/367"}],"wp:attachment":[{"href":"https:\/\/getraenke-rieden.de\/wp571\/wp-json\/wp\/v2\/media?parent=377"}],"wp:term":[{"taxonomy":"product_brand","embeddable":true,"href":"https:\/\/getraenke-rieden.de\/wp571\/wp-json\/wp\/v2\/product_brand?post=377"},{"taxonomy":"product_cat","embeddable":true,"href":"https:\/\/getraenke-rieden.de\/wp571\/wp-json\/wp\/v2\/product_cat?post=377"},{"taxonomy":"product_tag","embeddable":true,"href":"https:\/\/getraenke-rieden.de\/wp571\/wp-json\/wp\/v2\/product_tag?post=377"}],"curies":[{"name":"wp","href":"https:\/\/api.w.org\/{rel}","templated":true}]}}