{"id":318,"date":"2021-09-06T08:04:47","date_gmt":"2021-09-06T06:04:47","guid":{"rendered":"https:\/\/getraenke-rieden.de\/wp571\/?post_type=product&#038;p=318"},"modified":"2022-04-01T16:36:19","modified_gmt":"2022-04-01T14:36:19","slug":"terra-mineralwasser-medium-12x1-ltr","status":"publish","type":"product","link":"https:\/\/getraenke-rieden.de\/wp571\/produkt\/terra-mineralwasser-medium-12x1-ltr\/","title":{"rendered":"Terra Mineralwasser Medium 12&#215;1,0 ltr. PET"},"content":{"rendered":"","protected":false},"excerpt":{"rendered":"<p>Nat\u00fcrliches Mineralwasser, leicht spritzig mit Kohlens\u00e4ure versetzt.<\/p>\n<ul>\n<li><strong>Gebinde:<\/strong> 12 x 1,0L PET-Mehrwegflaschen im Kasten<\/li>\n<li><strong>Calcium:<\/strong> 109 mg<\/li>\n<li><strong>Kalium:<\/strong> 5,3 mg<\/li>\n<li><strong>Magnesium:<\/strong> 20,8 mg<\/li>\n<li><strong>Chlorid:<\/strong> 7,1 mg<\/li>\n<li><strong>Hydrogencarbonat:<\/strong> 386 mg<\/li>\n<li><strong>Natrium:<\/strong> 6,9 mg*<\/li>\n<\/ul>\n<p class=\"small-footnote\">*der D-A-CH-Referenzwert [Referenzwert der Fachgesellschaften der L\u00e4nder Deutschland (D), \u00d6sterreich (A) und Schweiz (CH)] f\u00fcr die N\u00e4hrstoffzufuhr von Natrium bei Erwachsenen entspricht 1.500 mg pro Tag<\/p>\n","protected":false},"featured_media":329,"template":"","meta":[],"product_brand":[],"product_cat":[26,84,28],"product_tag":[47,48,34,50,49],"class_list":{"0":"post-318","1":"product","2":"type-product","3":"status-publish","4":"has-post-thumbnail","6":"product_cat-alkoholfreie-getraenke","7":"product_cat-medium","8":"product_cat-mineralwasser","9":"product_tag-leicht-sprizig","10":"product_tag-medium","11":"product_tag-mineralwasser","12":"product_tag-pet-flasche","13":"product_tag-terra","14":"product_deptype-3-30","16":"first","17":"instock","18":"taxable","19":"shipping-taxable","20":"purchasable","21":"product-type-simple"},"_links":{"self":[{"href":"https:\/\/getraenke-rieden.de\/wp571\/wp-json\/wp\/v2\/product\/318","targetHints":{"allow":["GET"]}}],"collection":[{"href":"https:\/\/getraenke-rieden.de\/wp571\/wp-json\/wp\/v2\/product"}],"about":[{"href":"https:\/\/getraenke-rieden.de\/wp571\/wp-json\/wp\/v2\/types\/product"}],"wp:featuredmedia":[{"embeddable":true,"href":"https:\/\/getraenke-rieden.de\/wp571\/wp-json\/wp\/v2\/media\/329"}],"wp:attachment":[{"href":"https:\/\/getraenke-rieden.de\/wp571\/wp-json\/wp\/v2\/media?parent=318"}],"wp:term":[{"taxonomy":"product_brand","embeddable":true,"href":"https:\/\/getraenke-rieden.de\/wp571\/wp-json\/wp\/v2\/product_brand?post=318"},{"taxonomy":"product_cat","embeddable":true,"href":"https:\/\/getraenke-rieden.de\/wp571\/wp-json\/wp\/v2\/product_cat?post=318"},{"taxonomy":"product_tag","embeddable":true,"href":"https:\/\/getraenke-rieden.de\/wp571\/wp-json\/wp\/v2\/product_tag?post=318"}],"curies":[{"name":"wp","href":"https:\/\/api.w.org\/{rel}","templated":true}]}}