{"id":312,"date":"2021-08-05T16:56:49","date_gmt":"2021-08-05T14:56:49","guid":{"rendered":"https:\/\/getraenke-rieden.de\/wp571\/?post_type=product&#038;p=312"},"modified":"2022-03-12T22:05:29","modified_gmt":"2022-03-12T21:05:29","slug":"bembel-apfelwein-kirsch-glasflasche-12x033-ltr","status":"publish","type":"product","link":"https:\/\/getraenke-rieden.de\/wp571\/produkt\/bembel-apfelwein-kirsch-glasflasche-12x033-ltr\/","title":{"rendered":"Bembel Apfelwein Kirsch, Glasflasche 12&#215;0,33 ltr."},"content":{"rendered":"","protected":false},"excerpt":{"rendered":"<p>Bembel with Care Apfelwein Kirsch in der Schwarzglas-Flaschen!<\/p>\n<p>F\u00fcr das Bar-Feeling zu Hause. Den BEMBEL-WITH-CARE Apfelwein gibt es nun auch in Schwarzglas-Flaschen, verpackt in einem unverkennbaren und stabilen Umkarton zu 12&#215;0,33l Flaschen. Verf\u00fchrerisch und lecker. Apfelwein mit Kirschnektar, schmeckt fruchtig-s\u00fc\u00df. Hier wird ein hochwertiger Direktsaft aus Sauerkirschen verwendet. Ein Apfelwein-Mischgetr\u00e4nk.<\/p>\n<ul>\n<li><strong>Gebinde:<\/strong> 12 x 0,33L Einwegflaschen im Karton<\/li>\n<li><strong>Alkoholgehalt:<\/strong> 4,2 % vol<\/li>\n<li><strong>Brennwert*:<\/strong> 176kJ\/42kcal<\/li>\n<li><strong>Kohlenhydrate*:<\/strong> 4,7g<\/li>\n<li><strong>davon Zucker<\/strong> 4,7g<\/li>\n<li><strong>Enth\u00e4lt:<\/strong> Sulfite, geringe Mengen an Fett, ges\u00e4tt. Fetts\u00e4uren und Eiwei\u00df<\/li>\n<li><strong>Zutaten:<\/strong> Apfelwein, Sauerkirsch-Nektar aus Direktsaft, Kohlens\u00e4ure<\/li>\n<\/ul>\n<h6>*N\u00e4hrwertangaben pro 100ml<\/h6>\n","protected":false},"featured_media":313,"template":"","meta":[],"product_brand":[],"product_cat":[19,21],"product_tag":[40,42,45,46,41,43,39],"class_list":{"0":"post-312","1":"product","2":"type-product","3":"status-publish","4":"has-post-thumbnail","6":"product_cat-alkoholische-getraenke","7":"product_cat-wein","8":"product_tag-apfelwein","9":"product_tag-beerfurther","10":"product_tag-bembel-with-care","11":"product_tag-kirschwein","12":"product_tag-kraemer","13":"product_tag-schoppen","14":"product_tag-wein","15":"product_deptype-0-96","17":"first","18":"instock","19":"taxable","20":"shipping-taxable","21":"purchasable","22":"product-type-simple"},"_links":{"self":[{"href":"https:\/\/getraenke-rieden.de\/wp571\/wp-json\/wp\/v2\/product\/312","targetHints":{"allow":["GET"]}}],"collection":[{"href":"https:\/\/getraenke-rieden.de\/wp571\/wp-json\/wp\/v2\/product"}],"about":[{"href":"https:\/\/getraenke-rieden.de\/wp571\/wp-json\/wp\/v2\/types\/product"}],"wp:featuredmedia":[{"embeddable":true,"href":"https:\/\/getraenke-rieden.de\/wp571\/wp-json\/wp\/v2\/media\/313"}],"wp:attachment":[{"href":"https:\/\/getraenke-rieden.de\/wp571\/wp-json\/wp\/v2\/media?parent=312"}],"wp:term":[{"taxonomy":"product_brand","embeddable":true,"href":"https:\/\/getraenke-rieden.de\/wp571\/wp-json\/wp\/v2\/product_brand?post=312"},{"taxonomy":"product_cat","embeddable":true,"href":"https:\/\/getraenke-rieden.de\/wp571\/wp-json\/wp\/v2\/product_cat?post=312"},{"taxonomy":"product_tag","embeddable":true,"href":"https:\/\/getraenke-rieden.de\/wp571\/wp-json\/wp\/v2\/product_tag?post=312"}],"curies":[{"name":"wp","href":"https:\/\/api.w.org\/{rel}","templated":true}]}}