{"id":268,"date":"2021-05-07T14:07:46","date_gmt":"2021-05-07T12:07:46","guid":{"rendered":"https:\/\/getraenke-rieden.de\/wp571\/?post_type=product&#038;p=268"},"modified":"2022-03-12T22:05:59","modified_gmt":"2022-03-12T21:05:59","slug":"kraemer-apfelwein-klar-6x10-ltr","status":"publish","type":"product","link":"https:\/\/getraenke-rieden.de\/wp571\/produkt\/kraemer-apfelwein-klar-6x10-ltr\/","title":{"rendered":"Kr\u00e4mer Apfelwein klar 6&#215;1,0 ltr."},"content":{"rendered":"","protected":false},"excerpt":{"rendered":"<p>Klarer Apfelwein aus dem Odenwald.<\/p>\n<p>Kr\u00e4mers klarer Apfelwein wird aus reifen, frischen \u00c4pfeln gekeltert. Die weitere Verarbeitung erfolgt nach \u00fcberliefertem Rezept. Odenw\u00e4lder Streuobst verleiht ihm seine herzhafte, spritzige W\u00fcrze. Dieser traditionelle Shoppen entfaltet sein volles Aroma am besten, wenn er leicht gek\u00fchlt serviert wird.<\/p>\n<ul>\n<li><strong>Gebinde:<\/strong> 6 x 1,0L Mehrwegflaschen im Kasten<\/li>\n<li><strong>Alkoholgehalt:<\/strong>\u00a06,0 % vol<\/li>\n<li><strong>Brennwert*:<\/strong>\u00a0157,5kJ\/37,5kcal<\/li>\n<li><strong>Kohlenhydrate*:<\/strong>\u00a00,35g<\/li>\n<li><strong>davon Zucker<\/strong>\u00a00,35g<\/li>\n<li><strong>Enth\u00e4lt:<\/strong>\u00a0Sulfite, geringe Mengen an Fett, ges\u00e4tt. Fetts\u00e4uren, Eiwei\u00df und Salz<\/li>\n<\/ul>\n<h6>*N\u00e4hrwertangaben pro 100ml<\/h6>\n","protected":false},"featured_media":269,"template":"","meta":[],"product_brand":[],"product_cat":[19,21],"product_tag":[40,42,41,43,39],"class_list":{"0":"post-268","1":"product","2":"type-product","3":"status-publish","4":"has-post-thumbnail","6":"product_cat-alkoholische-getraenke","7":"product_cat-wein","8":"product_tag-apfelwein","9":"product_tag-beerfurther","10":"product_tag-kraemer","11":"product_tag-schoppen","12":"product_tag-wein","13":"product_deptype-2-40","15":"first","16":"instock","17":"taxable","18":"shipping-taxable","19":"purchasable","20":"product-type-simple"},"_links":{"self":[{"href":"https:\/\/getraenke-rieden.de\/wp571\/wp-json\/wp\/v2\/product\/268","targetHints":{"allow":["GET"]}}],"collection":[{"href":"https:\/\/getraenke-rieden.de\/wp571\/wp-json\/wp\/v2\/product"}],"about":[{"href":"https:\/\/getraenke-rieden.de\/wp571\/wp-json\/wp\/v2\/types\/product"}],"wp:featuredmedia":[{"embeddable":true,"href":"https:\/\/getraenke-rieden.de\/wp571\/wp-json\/wp\/v2\/media\/269"}],"wp:attachment":[{"href":"https:\/\/getraenke-rieden.de\/wp571\/wp-json\/wp\/v2\/media?parent=268"}],"wp:term":[{"taxonomy":"product_brand","embeddable":true,"href":"https:\/\/getraenke-rieden.de\/wp571\/wp-json\/wp\/v2\/product_brand?post=268"},{"taxonomy":"product_cat","embeddable":true,"href":"https:\/\/getraenke-rieden.de\/wp571\/wp-json\/wp\/v2\/product_cat?post=268"},{"taxonomy":"product_tag","embeddable":true,"href":"https:\/\/getraenke-rieden.de\/wp571\/wp-json\/wp\/v2\/product_tag?post=268"}],"curies":[{"name":"wp","href":"https:\/\/api.w.org\/{rel}","templated":true}]}}