{"id":111,"date":"2021-05-06T09:15:00","date_gmt":"2021-05-06T07:15:00","guid":{"rendered":"https:\/\/getraenke-rieden.de\/wp571\/?post_type=product&#038;p=111"},"modified":"2022-08-01T22:59:39","modified_gmt":"2022-08-01T20:59:39","slug":"gerolsteiner-sprudel-12x07-ltr","status":"publish","type":"product","link":"https:\/\/getraenke-rieden.de\/wp571\/produkt\/gerolsteiner-sprudel-12x07-ltr\/","title":{"rendered":"Gerolsteiner Mineralwasser 12&#215;0,75 ltr."},"content":{"rendered":"","protected":false},"excerpt":{"rendered":"<p>Der sprudelnde Durstl\u00f6scher mit frischem Geschmack: Gerolsteiner Sprudel ist eines der meistgetrunkenen Mineralw\u00e4sser Deutschlands. Das Geheimnis seines Erfolgs liegt in seinem vulkanischen Ursprung.<\/p>\n<p>Den besonderen geologischen Gegebenheiten der Vulkaneifel verdankt Gerolsteiner Sprudel seinen erfrischenden, harmonischen Geschmack und seinen nat\u00fcrlichen Gehalt an wertvollen Mineralstoffen.<\/p>\n<ul>\n<li><strong>Gebinde:<\/strong> 12 x 0,75L Mehrwegflaschen im Kasten<\/li>\n<li><strong>Calcium:<\/strong> 348 mg<\/li>\n<li><strong>Kalium:<\/strong> 11 mg<\/li>\n<li><strong>Magnesium:<\/strong> 108 mg<\/li>\n<li><strong>Chlorid:<\/strong> 40 mg<\/li>\n<li><strong>Hydrogencarbonat:<\/strong> 1.816 mg<\/li>\n<li><strong>Natrium:<\/strong> 118 mg*<\/li>\n<li><strong>Kohlens\u00e4ure:<\/strong> 7.000 mg<\/li>\n<\/ul>\n<p class=\"small-footnote\">*der D-A-CH-Referenzwert [Referenzwert der Fachgesellschaften der L\u00e4nder Deutschland (D), \u00d6sterreich (A) und Schweiz (CH)] f\u00fcr die N\u00e4hrstoffzufuhr von Natrium bei Erwachsenen entspricht 1.500 mg pro Tag<\/p>\n","protected":false},"featured_media":112,"template":"","meta":[],"product_brand":[],"product_cat":[26,28,83],"product_tag":[35,36,34,33],"class_list":{"0":"post-111","1":"product","2":"type-product","3":"status-publish","4":"has-post-thumbnail","6":"product_cat-alkoholfreie-getraenke","7":"product_cat-mineralwasser","8":"product_cat-sprudel","9":"product_tag-gerolsteiner","10":"product_tag-glasflasche","11":"product_tag-mineralwasser","12":"product_tag-sprudel","13":"product_deptype-3-30","15":"first","16":"instock","17":"taxable","18":"shipping-taxable","19":"purchasable","20":"product-type-simple"},"_links":{"self":[{"href":"https:\/\/getraenke-rieden.de\/wp571\/wp-json\/wp\/v2\/product\/111","targetHints":{"allow":["GET"]}}],"collection":[{"href":"https:\/\/getraenke-rieden.de\/wp571\/wp-json\/wp\/v2\/product"}],"about":[{"href":"https:\/\/getraenke-rieden.de\/wp571\/wp-json\/wp\/v2\/types\/product"}],"wp:featuredmedia":[{"embeddable":true,"href":"https:\/\/getraenke-rieden.de\/wp571\/wp-json\/wp\/v2\/media\/112"}],"wp:attachment":[{"href":"https:\/\/getraenke-rieden.de\/wp571\/wp-json\/wp\/v2\/media?parent=111"}],"wp:term":[{"taxonomy":"product_brand","embeddable":true,"href":"https:\/\/getraenke-rieden.de\/wp571\/wp-json\/wp\/v2\/product_brand?post=111"},{"taxonomy":"product_cat","embeddable":true,"href":"https:\/\/getraenke-rieden.de\/wp571\/wp-json\/wp\/v2\/product_cat?post=111"},{"taxonomy":"product_tag","embeddable":true,"href":"https:\/\/getraenke-rieden.de\/wp571\/wp-json\/wp\/v2\/product_tag?post=111"}],"curies":[{"name":"wp","href":"https:\/\/api.w.org\/{rel}","templated":true}]}}