{"id":941,"date":"2025-01-23T10:56:20","date_gmt":"2025-01-23T09:56:20","guid":{"rendered":"https:\/\/getraenke-rieden.de\/wp571\/?page_id=941"},"modified":"2026-02-10T17:19:28","modified_gmt":"2026-02-10T16:19:28","slug":"willkommen-bei-rieden-getraenkeservice","status":"publish","type":"page","link":"https:\/\/getraenke-rieden.de\/wp571\/","title":{"rendered":"Willkommen bei Rieden-Getr\u00e4nkeservice"},"content":{"rendered":"\n<hr class=\"wp-block-separator has-alpha-channel-opacity\"\/>\n\n\n\n<div class=\"wp-block-columns is-layout-flex wp-container-core-columns-is-layout-9d6595d7 wp-block-columns-is-layout-flex\">\n<div class=\"wp-block-column is-layout-flow wp-block-column-is-layout-flow\" style=\"flex-basis:100%\">\n<div class=\"wp-block-columns is-layout-flex wp-container-core-columns-is-layout-9d6595d7 wp-block-columns-is-layout-flex\">\n<div class=\"wp-block-column is-vertically-aligned-center is-layout-flow wp-block-column-is-layout-flow\" style=\"flex-basis:66.66%\">\n<p style=\"font-size:24px\"><strong>Wir sagen Danke! 25 Jahre Ihr zuverl\u00e4ssiger Partner f\u00fcr erstklassige Getr\u00e4nkelieferungen in Heppenheim und Umgebung.<\/strong><\/p>\n<\/div>\n\n\n\n<div class=\"wp-block-column is-layout-flow wp-block-column-is-layout-flow\" style=\"flex-basis:33.33%\">\n<figure class=\"wp-block-image size-full\"><img loading=\"lazy\" decoding=\"async\" width=\"500\" height=\"318\" src=\"https:\/\/getraenke-rieden.de\/wp571\/wp-content\/uploads\/2025\/01\/banner-25-jahre.png\" alt=\"\" class=\"wp-image-945\" srcset=\"https:\/\/getraenke-rieden.de\/wp571\/wp-content\/uploads\/2025\/01\/banner-25-jahre.png 500w, https:\/\/getraenke-rieden.de\/wp571\/wp-content\/uploads\/2025\/01\/banner-25-jahre-300x191.png 300w\" sizes=\"auto, (max-width: 500px) 100vw, 500px\" \/><\/figure>\n<\/div>\n<\/div>\n<\/div>\n<\/div>\n\n\n\n<div class=\"wp-block-columns is-layout-flex wp-container-core-columns-is-layout-9d6595d7 wp-block-columns-is-layout-flex\">\n<div class=\"wp-block-column is-layout-flow wp-block-column-is-layout-flow\">\n<p class=\"has-cyan-bluish-gray-background-color has-background\" style=\"font-size:18px\"><strong>Wichtiger Hinweis zur Lieferung<\/strong><br>Unsere Lieferungen erfolgen bis zur Haust\u00fcr bzw. in Etagen mit Aufzug. Ein Transport von Kisten \u00fcber Treppen ist leider nicht m\u00f6glich. Wir danken Ihnen herzlich f\u00fcr Ihr Verst\u00e4ndnis und Ihre R\u00fccksichtnahme.<\/p>\n<\/div>\n<\/div>\n\n\n\n<h2 class=\"wp-block-heading has-text-align-center has-text-color has-link-color wp-elements-565b50c223483f9bd2b27fd7a587edcd\" style=\"color:#003366\">Getr\u00e4nkelieferung mit Tradition in Heppenheim: Rieden Getr\u00e4nkeservice<\/h2>\n\n\n\n<p class=\"has-text-align-center has-vivid-cyan-blue-color has-text-color has-link-color wp-elements-7856ff4142b873f2af3eff42dc6206ee\"><mark style=\"background-color:rgba(0, 0, 0, 0);color:#003366\" class=\"has-inline-color\"><strong>Wir beliefern Heppenheim und Umgebung mit Getr\u00e4nken aller Art, denn wir kennen keinen Durst!<\/strong><\/mark><\/p>\n\n\n\n<div class=\"wp-block-media-text alignwide has-media-on-the-right is-stacked-on-mobile\"><div class=\"wp-block-media-text__content\">\n<p>Seit dem Jahr 2000 versorgt der Rieden Getr\u00e4nkeservice zuverl\u00e4ssig und nachhaltig Privat- und Gesch\u00e4ftskunden in Heppenheim und der umliegenden Region. Unser Angebot reicht von umfangreichen Gro\u00dfbestellungen f\u00fcr Gastronomiebetriebe und Hotels bis hin zu kleinen Lieferungen f\u00fcr Privathaushalte.<\/p>\n\n\n\n<p>Vergessen Sie das m\u00fchsame Schleppen von Getr\u00e4nkekisten. Sparen Sie Zeit und Energie, indem Sie unsere komfortable Getr\u00e4nkelieferung direkt an Ihre Haust\u00fcr nutzen. Wir bringen Ihre gew\u00fcnschten Getr\u00e4nke p\u00fcnktlich und zuverl\u00e4ssig, und nehmen zudem Ihr Leergut ohne zus\u00e4tzliche Kosten bei der Lieferung zur\u00fcck. Erleben Sie Service, der begeistert!<\/p>\n<\/div><figure class=\"wp-block-media-text__media\"><img loading=\"lazy\" decoding=\"async\" width=\"1024\" height=\"768\" src=\"https:\/\/getraenke-rieden.de\/wp571\/wp-content\/uploads\/2021\/05\/20180620_080522-1024x768.jpg\" alt=\"\" class=\"wp-image-191 size-full\" srcset=\"https:\/\/getraenke-rieden.de\/wp571\/wp-content\/uploads\/2021\/05\/20180620_080522-1024x768.jpg 1024w, https:\/\/getraenke-rieden.de\/wp571\/wp-content\/uploads\/2021\/05\/20180620_080522-600x450.jpg 600w, https:\/\/getraenke-rieden.de\/wp571\/wp-content\/uploads\/2021\/05\/20180620_080522-300x225.jpg 300w, https:\/\/getraenke-rieden.de\/wp571\/wp-content\/uploads\/2021\/05\/20180620_080522-768x576.jpg 768w, https:\/\/getraenke-rieden.de\/wp571\/wp-content\/uploads\/2021\/05\/20180620_080522-1536x1152.jpg 1536w, https:\/\/getraenke-rieden.de\/wp571\/wp-content\/uploads\/2021\/05\/20180620_080522-2048x1536.jpg 2048w\" sizes=\"auto, (max-width: 1024px) 100vw, 1024px\" \/><\/figure><\/div>\n\n\n\n<hr class=\"wp-block-separator has-alpha-channel-opacity\"\/>\n\n\n\n<div class=\"wp-block-columns is-layout-flex wp-container-core-columns-is-layout-9d6595d7 wp-block-columns-is-layout-flex\">\n<div class=\"wp-block-column is-layout-flow wp-block-column-is-layout-flow\">\n<h2 class=\"wp-block-heading has-text-align-center has-vivid-cyan-blue-color has-text-color\"><strong>Sie planen eine Party oder Festlichkeiten und ben\u00f6tigen eine Getr\u00e4nkeabrechnung nach Bedarf?<\/strong><\/h2>\n\n\n\n<p class=\"has-cyan-bluish-gray-background-color has-background has-small-font-size\"><strong><em>Nutzen Sie unseren unkomplizierten Party-Service und kontaktieren Sie uns direkt per Telefon oder \u00fcber das Kontaktformular hier auf der Webseite. Dort teilen Sie uns die gesch\u00e4tzten Bestellmengen mit und k\u00f6nnen hier\u00fcber auch zus\u00e4tzlichen Festbedarf anfragen z.B. Festgarnituren, Getr\u00e4nkewagen usw. Wir rechnen mit Ihnen dann einfach im Nachgang den tats\u00e4chlichen Verbrauch ab und holen die nicht angebrochenen Getr\u00e4nke selbstverst\u00e4ndlich auch wieder ab.<\/em><\/strong><\/p>\n<\/div>\n<\/div>\n\n\n\n<hr class=\"wp-block-separator has-css-opacity\"\/>\n\n\n\n<h2 class=\"wp-block-heading has-text-align-center\" id=\"testen-sie-uns-und-profitieren-sie-von-unserem-serviceangebot\"><strong>Testen Sie uns und profitieren Sie von unserem Serviceangebot:<\/strong><\/h2>\n\n\n\n<ul class=\"wp-block-list\">\n<li>Wir bieten Ihnen ein breites Sortiment an alkoholischen, sowie nicht alkoholischen Getr\u00e4nken in umweltschonender Mehrwegflaschen und Beh\u00e4ltern.<\/li>\n<\/ul>\n\n\n\n<ul class=\"wp-block-list\">\n<li>Sie ben\u00f6tigen Garnituren f\u00fcr Ihre Grillfeier am Wochenende oder sind auf der Suche nach einer professionellen Zapfanlage f\u00fcr Ihre Firmenfeier? Kein Problem, mit unserem ausleihbarem Festbedarf Service \u2013 sprechen Sie uns einfach an!<\/li>\n<\/ul>\n\n\n\n<ul class=\"wp-block-list\">\n<li>Sie sind auf der Suche nach einen regelm\u00e4\u00dfigen Getr\u00e4nkelieferung? Wir beraten Sie gerne in Bezug auf Mengen, Preise, sowie Lieferzyklen und Erstellen Ihnen gerne ein Ma\u00dfgeschneidertes Angebot.<\/li>\n<\/ul>\n\n\n\n<hr class=\"wp-block-separator has-css-opacity\"\/>\n\n\n\n<div class=\"wp-block-columns is-layout-flex wp-container-core-columns-is-layout-9d6595d7 wp-block-columns-is-layout-flex\">\n<div class=\"wp-block-column is-layout-flow wp-block-column-is-layout-flow\" style=\"flex-basis:33.33%\">\n<h2 class=\"wp-block-heading\" id=\"lieferzeiten\">Lieferzeiten<\/h2>\n\n\n\n<ul class=\"wp-block-list\">\n<li>Mo: 09:00\u201318:00 Uhr<\/li>\n\n\n\n<li>Di: 09:00\u201318:00 Uhr<\/li>\n\n\n\n<li>Mi: 09:00\u201318:00 Uhr<\/li>\n\n\n\n<li>Do: 09:00\u201318:00 Uhr<\/li>\n\n\n\n<li>Fr: 09:00\u201316:00 Uhr<\/li>\n<\/ul>\n<\/div>\n\n\n\n<div class=\"wp-block-column is-layout-flow wp-block-column-is-layout-flow\" style=\"flex-basis:66.66%\">\n<h2 class=\"wp-block-heading\" id=\"liefergebiet\">Liefergebiet<\/h2>\n\n\n\n<figure class=\"wp-block-image size-large\"><img loading=\"lazy\" decoding=\"async\" width=\"1024\" height=\"718\" src=\"https:\/\/getraenke-rieden.de\/wp571\/wp-content\/uploads\/2021\/05\/Liefergebiet-1024x718.png\" alt=\"\" class=\"wp-image-255\" srcset=\"https:\/\/getraenke-rieden.de\/wp571\/wp-content\/uploads\/2021\/05\/Liefergebiet-1024x718.png 1024w, https:\/\/getraenke-rieden.de\/wp571\/wp-content\/uploads\/2021\/05\/Liefergebiet-600x420.png 600w, https:\/\/getraenke-rieden.de\/wp571\/wp-content\/uploads\/2021\/05\/Liefergebiet-300x210.png 300w, https:\/\/getraenke-rieden.de\/wp571\/wp-content\/uploads\/2021\/05\/Liefergebiet-768x538.png 768w, https:\/\/getraenke-rieden.de\/wp571\/wp-content\/uploads\/2021\/05\/Liefergebiet.png 1126w\" sizes=\"auto, (max-width: 1024px) 100vw, 1024px\" \/><\/figure>\n<\/div>\n<\/div>\n\n\n\n<p><\/p>\n\n\n","protected":false},"excerpt":{"rendered":"<p>Wir sagen Danke! 25 Jahre Ihr zuverl\u00e4ssiger Partner f\u00fcr erstklassige Getr\u00e4nkelieferungen in Heppenheim und Umgebung. Wichtiger Hinweis zur LieferungUnsere Lieferungen&hellip;<\/p>\n","protected":false},"author":1,"featured_media":0,"parent":0,"menu_order":0,"comment_status":"closed","ping_status":"closed","template":"","meta":{"footnotes":""},"class_list":["post-941","page","type-page","status-publish","hentry"],"_links":{"self":[{"href":"https:\/\/getraenke-rieden.de\/wp571\/wp-json\/wp\/v2\/pages\/941","targetHints":{"allow":["GET"]}}],"collection":[{"href":"https:\/\/getraenke-rieden.de\/wp571\/wp-json\/wp\/v2\/pages"}],"about":[{"href":"https:\/\/getraenke-rieden.de\/wp571\/wp-json\/wp\/v2\/types\/page"}],"author":[{"embeddable":true,"href":"https:\/\/getraenke-rieden.de\/wp571\/wp-json\/wp\/v2\/users\/1"}],"replies":[{"embeddable":true,"href":"https:\/\/getraenke-rieden.de\/wp571\/wp-json\/wp\/v2\/comments?post=941"}],"version-history":[{"count":38,"href":"https:\/\/getraenke-rieden.de\/wp571\/wp-json\/wp\/v2\/pages\/941\/revisions"}],"predecessor-version":[{"id":1189,"href":"https:\/\/getraenke-rieden.de\/wp571\/wp-json\/wp\/v2\/pages\/941\/revisions\/1189"}],"wp:attachment":[{"href":"https:\/\/getraenke-rieden.de\/wp571\/wp-json\/wp\/v2\/media?parent=941"}],"curies":[{"name":"wp","href":"https:\/\/api.w.org\/{rel}","templated":true}]}}